{"id":667,"date":"2009-05-06T11:43:24","date_gmt":"2009-05-06T16:43:24","guid":{"rendered":"http:\/\/wpzoom.com\/zenko\/demo\/?page_id=3"},"modified":"2021-11-01T12:08:42","modified_gmt":"2021-11-01T09:08:42","slug":"s-leader-iletisim","status":"publish","type":"page","link":"https:\/\/www.satisotomasyon.com\/en\/s-leader-iletisim\/","title":{"rendered":"CONTACT"},"content":{"rendered":"<div class=\"wp-block-columns is-layout-flex wp-container-core-columns-is-layout-9d6595d7 wp-block-columns-is-layout-flex\">\n<div class=\"wp-block-column is-layout-flow wp-block-column-is-layout-flow\">\n<p>For Contact Information <a href=\"https:\/\/www.satisotomasyon.com\/en\/s-leader\/\">S-Leader<\/a> Sales Automation System<\/p>\n\n\n\n<p>Please contact us to Request a Free Demo.<\/p>\n\n\n\n<p class=\"has-text-align-left has-text-align-center\"><strong><em>OFFICE : <\/em><\/strong><\/p>\n\n\n\n<p class=\"has-text-align-left has-text-align-center\">Bar\u0131\u015f Mah. Ko\u015fu Yolu Cad. T\u00fcbitak Martek <br>Kulu\u00e7ka Ofisi Kocaeli\/Gebze 41000 <br>T\u00fcrkiye <\/p>\n\n\n\n<p class=\"has-text-align-left\"><a href=\"http:\/\/www.capteknoloji.com.tr\">www.capteknoloji.com.tr<\/a><\/p>\n\n\n\n<p class=\"has-text-align-left has-text-align-center\">Our phones :<\/p>\n\n\n\n<p class=\"has-text-align-left has-text-align-center\"><a href=\"tel: 90 262 606 06 74\">+90 262 606 06 74<\/a><\/p>\n<\/div>\n\n\n\n<div class=\"wp-block-column is-layout-flow wp-block-column-is-layout-flow\">\n<figure><figure><figure><iframe loading=\"lazy\" style=\"border: 0;\" src=\"https:\/\/www.google.com\/maps\/embed?pb=!1m18!1m12!1m3!1d3020.796764737413!2d29.45802231540734!3d40.78848197932369!2m3!1f0!2f0!3f0!3m2!1i1024!2i768!4f13.1!3m3!1m2!1s0x14cb21f8aeec025b%3A0x44a76c6f15e10043!2zw4dBUCBUZWtub2xvamkgRGFuxLHFn21hbmzEsWsgdmUgWWF6xLFsxLFtIEhpei4gU2FuLiB2ZSBUaWMuIEx0ZC4gxZ50aS4!5e0!3m2!1str!2str!4v1631386396744!5m2!1str!2str\" width=\"100%\" height=\"450\" allowfullscreen=\"allowfullscreen\"><\/iframe><\/figure><\/figure><\/figure>\n<\/div>\n<\/div>\n\n\n\n<div class=\"wp-block-group\"><div class=\"wp-block-group__inner-container is-layout-flow wp-block-group-is-layout-flow\">\n<div class=\"wp-block-group\"><div class=\"wp-block-group__inner-container is-layout-flow wp-block-group-is-layout-flow\">\n<div class=\"wp-block-group alignwide\"><div class=\"wp-block-group__inner-container is-layout-flow wp-block-group-is-layout-flow\">\n<h2 class=\"has-text-align-center wp-block-heading\">Bize Mesaj G\u00f6nderin<\/h2>\n<\/div><\/div>\n<\/div><\/div>\n<\/div><\/div>\n\n\n\n<div class=\"wp-block-group\"><div class=\"wp-block-group__inner-container is-layout-flow wp-block-group-is-layout-flow\">\n\n<div class=\"wpcf7 no-js\" id=\"wpcf7-f5286-o1\" lang=\"tr-TR\" dir=\"ltr\" data-wpcf7-id=\"5286\">\n<div class=\"screen-reader-response\"><p role=\"status\" aria-live=\"polite\" aria-atomic=\"true\"><\/p> <ul><\/ul><\/div>\n<form action=\"\/en\/wp-json\/wp\/v2\/pages\/667#wpcf7-f5286-o1\" method=\"post\" class=\"wpcf7-form init\" aria-label=\"\u0130leti\u015fim Formu\" novalidate=\"novalidate\" data-status=\"init\" data-trp-original-action=\"\/en\/wp-json\/wp\/v2\/pages\/667#wpcf7-f5286-o1\">\n<fieldset class=\"hidden-fields-container\"><input type=\"hidden\" name=\"_wpcf7\" value=\"5286\" \/><input type=\"hidden\" name=\"_wpcf7_version\" value=\"6.1.5\" \/><input type=\"hidden\" name=\"_wpcf7_locale\" value=\"tr_TR\" \/><input type=\"hidden\" name=\"_wpcf7_unit_tag\" value=\"wpcf7-f5286-o1\" \/><input type=\"hidden\" name=\"_wpcf7_container_post\" value=\"0\" \/><input type=\"hidden\" name=\"_wpcf7_posted_data_hash\" value=\"\" \/><input type=\"hidden\" name=\"_wpcf7_recaptcha_response\" value=\"\" \/>\n<\/fieldset>\n<p><label> Your name (required)<br \/>\n<span class=\"wpcf7-form-control-wrap\" data-name=\"your-name\"><input size=\"40\" maxlength=\"400\" class=\"wpcf7-form-control wpcf7-text wpcf7-validates-as-required\" aria-required=\"true\" aria-invalid=\"false\" value=\"\" type=\"text\" name=\"your-name\" \/><\/span> <\/label>\n<\/p>\n<p><label> Your e-mail address (required)<br \/>\n<span class=\"wpcf7-form-control-wrap\" data-name=\"your-email\"><input size=\"40\" maxlength=\"400\" class=\"wpcf7-form-control wpcf7-email wpcf7-validates-as-required wpcf7-text wpcf7-validates-as-email\" aria-required=\"true\" aria-invalid=\"false\" value=\"\" type=\"email\" name=\"your-email\" \/><\/span> <\/label>\n<\/p>\n<p><label> Subject<br \/>\n<span class=\"wpcf7-form-control-wrap\" data-name=\"your-subject\"><input size=\"40\" maxlength=\"400\" class=\"wpcf7-form-control wpcf7-text\" aria-invalid=\"false\" value=\"\" type=\"text\" name=\"your-subject\" \/><\/span> <\/label>\n<\/p>\n<p><label> Your message<br \/>\n<span class=\"wpcf7-form-control-wrap\" data-name=\"your-message\"><textarea cols=\"40\" rows=\"10\" maxlength=\"2000\" class=\"wpcf7-form-control wpcf7-textarea\" aria-invalid=\"false\" name=\"your-message\"><\/textarea><\/span> <\/label>\n<\/p>\n<p><input class=\"wpcf7-form-control wpcf7-submit has-spinner\" type=\"submit\" value=\"Send\" \/>\n<\/p>\n<p><span class=\"wpcf7-form-control-wrap\" data-name=\"Onaysorusu\"><label><span class=\"wpcf7-quiz-label\">0x10= Ka\u00e7 Eder ?<\/span> <input size=\"40\" class=\"wpcf7-form-control wpcf7-quiz\" autocomplete=\"off\" aria-required=\"true\" aria-invalid=\"false\" type=\"text\" name=\"Onaysorusu\" \/><\/label><input type=\"hidden\" name=\"_wpcf7_quiz_answer_Onaysorusu\" value=\"100f8c6f4aa2ad4743fdfc461953bd7f\" \/><\/span>\n<\/p><div class=\"wpcf7-response-output\" aria-hidden=\"true\"><\/div>\n<input type=\"hidden\" name=\"trp-form-language\" value=\"en\"\/><\/form>\n<\/div>\n\n<\/div><\/div>\n\n\n\n<p class=\"has-large-font-size\"><strong>FREQUENTLY ASKED QUESTIONS <\/strong><\/p>\n\n\n\n<p>Frequently asked questions about S-Leader Field Sales Automation.<\/p>\n\n\n\n<div class=\"schema-how-to wp-block-yoast-how-to-block\"><p class=\"schema-how-to-description\"><\/p> <ol class=\"schema-how-to-steps\"><li class=\"schema-how-to-step\" id=\"how-to-step-1585344948563\"><strong class=\"schema-how-to-step-name\">For which business lines can S-Leader be used?<\/strong> <p class=\"schema-how-to-step-text\">S-Leader is a field sales automation developed independently of the industry. In this way, sales, collection, visit etc. in the field. It can be easily used for every sector where operational activities are carried out. <\/p> <\/li><li class=\"schema-how-to-step\" id=\"how-to-step-1585345317009\"><strong class=\"schema-how-to-step-name\">S-Leader hangi ERP  programlar\u0131yla uyumludur ?<\/strong> <p class=\"schema-how-to-step-text\">It is 100% fully compatible and works flawlessly with ERP giants such as S-Leader, Logo and Mikro.<br\/>At the same time, it can be easily integrated with independent and different ERP programs.<\/p> <\/li><li class=\"schema-how-to-step\" id=\"how-to-step-1585345556662\"><strong class=\"schema-how-to-step-name\">How long does it take to install S-Leader?<\/strong> <p class=\"schema-how-to-step-text\">S-Leader sales automation system offers easy use, which can be installed within 1 (one) business day.<\/p> <\/li><li class=\"schema-how-to-step\" id=\"how-to-step-1585346290273\"><strong class=\"schema-how-to-step-name\">Is S-Leader only used with tablets?<\/strong> <p class=\"schema-how-to-step-text\">S-Leader field sales automation can be used comfortably on all devices including mobile, tablet, macbook, laptop, desktop and handheld terminals.<br\/>At the same time, you can view it on multiple screens thanks to its responsive structure.<\/p> <\/li><li class=\"schema-how-to-step\" id=\"how-to-step-1585346547713\"><strong class=\"schema-how-to-step-name\">Is it complicated to take orders with S-Leader?<\/strong> <p class=\"schema-how-to-step-text\">S-Leader field sales automation, thanks to its easy use, will never cause you any difficulty even if you do not know the program and you are using it for the first time, and you can easily perform the operation you want.<\/p> <\/li><\/ol><\/div>\n\n\n\n<p><\/p>","protected":false},"excerpt":{"rendered":"<p>\u0130leti\u015fim Bilgileri i\u00e7in S-Leader Sat\u0131\u015f Otomasyon Sistemi \u00dccretsiz Demo Talebinde bulunmak i\u00e7in l\u00fctfen bizimle irtibata ge\u00e7in. OF\u0130S : Bar\u0131\u015f Mah. Ko\u015fu Yolu Cad. T\u00fcbitak Martek Kulu\u00e7ka Ofisi Kocaeli\/Gebze 41000 T\u00fcrkiye www.capteknoloji.com.tr Telefonlar\u0131m\u0131z : +90 262 606 06 74 Bize Mesaj G\u00f6nderin SIK\u00c7A SORULAN SORULAR S-Leader Saha Sat\u0131\u015f Otomasyonu ile ilgili s\u0131k\u00e7a sorulan sorular.<\/p>","protected":false},"author":1,"featured_media":0,"parent":0,"menu_order":0,"comment_status":"open","ping_status":"closed","template":"","meta":{"_seopress_robots_primary_cat":"","_seopress_titles_title":"\u0130leti\u015fim S-Leader Sat\u0131\u015f Otomasyon Sistemi-sat\u0131\u015f-otomasyon-ileti\u015fim","_seopress_titles_desc":"\u0130leti\u015fim S-Leader Sat\u0131\u015f Otomasyon Sistemi-Mobil saha sat\u0131\u015f otomasyonu S-Leader bir \u00c7ap Teknoloji \u00fcr\u00fcn\u00fcd\u00fcr. \u0130leti\u015fim i\u00e7in l\u00fctfen bize ula\u015f\u0131n.","_seopress_robots_index":"","content-type":"","footnotes":""},"class_list":["post-667","page","type-page","status-publish","hentry"],"jetpack_sharing_enabled":true,"_links":{"self":[{"href":"https:\/\/www.satisotomasyon.com\/en\/wp-json\/wp\/v2\/pages\/667","targetHints":{"allow":["GET"]}}],"collection":[{"href":"https:\/\/www.satisotomasyon.com\/en\/wp-json\/wp\/v2\/pages"}],"about":[{"href":"https:\/\/www.satisotomasyon.com\/en\/wp-json\/wp\/v2\/types\/page"}],"author":[{"embeddable":true,"href":"https:\/\/www.satisotomasyon.com\/en\/wp-json\/wp\/v2\/users\/1"}],"replies":[{"embeddable":true,"href":"https:\/\/www.satisotomasyon.com\/en\/wp-json\/wp\/v2\/comments?post=667"}],"version-history":[{"count":37,"href":"https:\/\/www.satisotomasyon.com\/en\/wp-json\/wp\/v2\/pages\/667\/revisions"}],"predecessor-version":[{"id":5617,"href":"https:\/\/www.satisotomasyon.com\/en\/wp-json\/wp\/v2\/pages\/667\/revisions\/5617"}],"wp:attachment":[{"href":"https:\/\/www.satisotomasyon.com\/en\/wp-json\/wp\/v2\/media?parent=667"}],"curies":[{"name":"wp","href":"https:\/\/api.w.org\/{rel}","templated":true}]}}