{"id":64,"date":"2020-03-03T15:18:12","date_gmt":"2020-03-03T12:18:12","guid":{"rendered":"http:\/\/www.satisotomasyon.com\/?page_id=64"},"modified":"2022-04-13T08:45:28","modified_gmt":"2022-04-13T05:45:28","slug":"neden-satis-otomasyon","status":"publish","type":"page","link":"https:\/\/www.satisotomasyon.com\/en\/s-leader\/neden-satis-otomasyon\/","title":{"rendered":"Why Sales Automation"},"content":{"rendered":"<p>Why Sales Automation? <br>S-Leader Sat\u0131\u015f Otomasyon Sistemi sat\u0131\u015f s\u00fcre\u00e7lerinizin y\u00f6netimini sahada rahatl\u0131kla yapman\u0131z\u0131 sa\u011flayarak sat\u0131\u015f ekibinizin elini g\u00fc\u00e7lendirecek ve bu sayede firman\u0131z\u0131 rakiplerinden daha ileriye ta\u015f\u0131yacakt\u0131r.<\/p>\n\n\n\n<figure class=\"wp-block-image size-large\"><img loading=\"lazy\" decoding=\"async\" width=\"960\" height=\"720\" src=\"https:\/\/www.satisotomasyon.com\/wp-content\/uploads\/2020\/03\/Ads\u0131z.gif\" alt=\"\" class=\"wp-image-66\"\/><\/figure>\n\n\n\n<h2 class=\"wp-block-heading\">WHY SALES AUTOMATION <br>What is Sales Automation?<\/h2>\n\n\n\n<p> Sales Automation is a set of solutions that are used very effectively and actively today and have started to work to make our business lives easier.<br>Sales Automation; are software programs that provide cloud services to you in the field of information technologies that enable you to manage, relax and improve your sales processes.<br><br><br><\/p>\n\n\n\n<h3 class=\"wp-block-heading\">What Jobs Are Sales Automation Programs Good For?<\/h3>\n\n\n\n<div class=\"wp-block-group\"><div class=\"wp-block-group__inner-container is-layout-flow wp-block-group-is-layout-flow\">\n<div class=\"wp-block-image\"><figure class=\"aligncenter size-large is-resized\"><a href=\"http:\/\/www.satisotomasyon.com\/en\/2017\/03\/16\/a-golfer-ready-for-hitting-a-tee-shot\/\"><img loading=\"lazy\" decoding=\"async\" src=\"https:\/\/www.satisotomasyon.com\/wp-content\/uploads\/2020\/03\/sLeaderneleryapar-1024x763.jpg\" alt=\"\" class=\"wp-image-5262\" width=\"420\" height=\"312\" srcset=\"https:\/\/www.satisotomasyon.com\/wp-content\/uploads\/2020\/03\/sLeaderneleryapar-1024x763.jpg 1024w, https:\/\/www.satisotomasyon.com\/wp-content\/uploads\/2020\/03\/sLeaderneleryapar-300x224.jpg 300w, https:\/\/www.satisotomasyon.com\/wp-content\/uploads\/2020\/03\/sLeaderneleryapar-768x573.jpg 768w, https:\/\/www.satisotomasyon.com\/wp-content\/uploads\/2020\/03\/sLeaderneleryapar.jpg 1132w\" sizes=\"auto, (max-width: 420px) 100vw, 420px\" \/><\/a><figcaption><strong><em>*Click the picture to see the content.<\/em><\/strong><\/figcaption><\/figure><\/div>\n<\/div><\/div>\n\n\n\n<ul class=\"wp-block-list\"><li>Hot sale<br>It is a face-to-face sales form in which the product for the order received is delivered immediately.<\/li><li>Cold Sale<br>Cold selling is a sales method performed by customer-oriented field salespeople according to a certain route plan. <\/li><li>Collection (Finance) Management<br> The set of actions taken in order to collect receivables arising from forward sales in a timely, effective and planned manner is called receivables management. In every sector where forward sales are applied, it is inevitable to spend labor, time and similar resources for receivables management. <\/li><li>Customer Management<br> We can define it as the development of suitable products and services in parallel with the needs of the companies by getting to know their customers. <\/li><li>Workflow and Site Management<\/li><li>Business Intelligence and Reporting Solutions<\/li><li>Stock Tracking and Management<\/li><li>Personnel Tracking<br>Ensuring the work planning of the personnel in the field.<\/li><li>Route Planning<br>It is the determination of the points where the field personnel will go day by day.<\/li><li>Dynamic Routing Optimization<br>It is the module where you can see the personnel in the field instantly and see the details of where and how long they stay.<\/li><li>Campaigns<\/li><\/ul>\n\n\n\n<p><\/p>","protected":false},"excerpt":{"rendered":"<p>Neden Sat\u0131\u015f Otomasyon ? S-Leader Sat\u0131\u015f Otomasyon Sistemi sat\u0131\u015f s\u00fcre\u00e7lerinizin y\u00f6netimini sahada rahatl\u0131kla yapman\u0131z\u0131 sa\u011flayarak sat\u0131\u015f ekibinizin elini g\u00fc\u00e7lendirecek ve bu sayede firman\u0131z\u0131 rakiplerinden daha ileriye ta\u015f\u0131yacakt\u0131r. NEDEN SATI\u015e OTOMASYON Sat\u0131\u015f Otomasyonu nedir ? Sat\u0131\u015f Otomasyonlar\u0131 g\u00fcn\u00fcm\u00fczde \u00e7ok etkin ve aktif olarak kullan\u0131lan, i\u015f hayatlar\u0131m\u0131z\u0131 kolayla\u015ft\u0131rmak i\u00e7in \u00e7al\u0131\u015fmaya ba\u015flam\u0131\u015f \u00e7\u00f6z\u00fcm k\u00fcmeleridir.Sat\u0131\u015f Otomasyonu ; sat\u0131\u015f s\u00fcre\u00e7lerinizi [&hellip;]<\/p>","protected":false},"author":1,"featured_media":5630,"parent":18,"menu_order":0,"comment_status":"closed","ping_status":"closed","template":"","meta":{"_seopress_robots_primary_cat":"","_seopress_titles_title":"Neden Sat\u0131\u015f Otomasyon ?","_seopress_titles_desc":"Neden Sat\u0131\u015f Otomasyon ? - S-Leader saha sat\u0131\u015f otomasyonunu neden tercih etmeniz gerekti\u011fi bilgileri i\u00e7erideki...","_seopress_robots_index":"","content-type":"","footnotes":""},"class_list":["post-64","page","type-page","status-publish","has-post-thumbnail","hentry"],"jetpack_sharing_enabled":true,"_links":{"self":[{"href":"https:\/\/www.satisotomasyon.com\/en\/wp-json\/wp\/v2\/pages\/64","targetHints":{"allow":["GET"]}}],"collection":[{"href":"https:\/\/www.satisotomasyon.com\/en\/wp-json\/wp\/v2\/pages"}],"about":[{"href":"https:\/\/www.satisotomasyon.com\/en\/wp-json\/wp\/v2\/types\/page"}],"author":[{"embeddable":true,"href":"https:\/\/www.satisotomasyon.com\/en\/wp-json\/wp\/v2\/users\/1"}],"replies":[{"embeddable":true,"href":"https:\/\/www.satisotomasyon.com\/en\/wp-json\/wp\/v2\/comments?post=64"}],"version-history":[{"count":10,"href":"https:\/\/www.satisotomasyon.com\/en\/wp-json\/wp\/v2\/pages\/64\/revisions"}],"predecessor-version":[{"id":5624,"href":"https:\/\/www.satisotomasyon.com\/en\/wp-json\/wp\/v2\/pages\/64\/revisions\/5624"}],"up":[{"embeddable":true,"href":"https:\/\/www.satisotomasyon.com\/en\/wp-json\/wp\/v2\/pages\/18"}],"wp:featuredmedia":[{"embeddable":true,"href":"https:\/\/www.satisotomasyon.com\/en\/wp-json\/wp\/v2\/media\/5630"}],"wp:attachment":[{"href":"https:\/\/www.satisotomasyon.com\/en\/wp-json\/wp\/v2\/media?parent=64"}],"curies":[{"name":"wp","href":"https:\/\/api.w.org\/{rel}","templated":true}]}}