{"id":5209,"date":"2015-01-14T11:27:23","date_gmt":"2015-01-14T11:27:23","guid":{"rendered":"http:\/\/demo.wpzoom.com\/angle\/?page_id=9"},"modified":"2022-04-13T08:34:19","modified_gmt":"2022-04-13T05:34:19","slug":"s-leader-yeni-nesil-satis-otomasyonu","status":"publish","type":"page","link":"https:\/\/www.satisotomasyon.com\/en\/","title":{"rendered":"Home page"},"content":{"rendered":"<figure class=\"wp-block-embed is-type-video is-provider-youtube wp-block-embed-youtube wp-embed-aspect-4-3 wp-has-aspect-ratio\"><div class=\"wp-block-embed__wrapper\">\n<iframe loading=\"lazy\" title=\"S-Leader Saha Sat\u0131\u015f Otomasyonu\" width=\"810\" height=\"608\" src=\"https:\/\/www.youtube.com\/embed\/AirJXq5CIek?feature=oembed\" frameborder=\"0\" allow=\"accelerometer; autoplay; clipboard-write; encrypted-media; gyroscope; picture-in-picture\" allowfullscreen><\/iframe>\n<\/div><\/figure>\n\n\n\n<p>S-Leader yeni nesil mobil saha sat\u0131\u015f otomasyon sistemidir.<br>Online ve offline \u00e7al\u0131\u015fabilme \u00f6zelli\u011fine sahip \u00e7oklu ekranlarda kullan\u0131lan responsive bir sistemdir.<\/p>\n\n\n\n<figure class=\"wp-block-image size-large\"><img loading=\"lazy\" decoding=\"async\" width=\"743\" height=\"367\" src=\"http:\/\/www.satisotomasyon.com\/wp-content\/uploads\/2020\/03\/Responsive-sleader.png\" alt=\"Saha Sat\u0131\u015f Otomasyonu\" class=\"wp-image-5404\" srcset=\"https:\/\/www.satisotomasyon.com\/wp-content\/uploads\/2020\/03\/Responsive-sleader.png 743w, https:\/\/www.satisotomasyon.com\/wp-content\/uploads\/2020\/03\/Responsive-sleader-300x148.png 300w\" sizes=\"auto, (max-width: 743px) 100vw, 743px\" \/><\/figure>\n\n\n\n<p><a href=\"https:\/\/www.logo.com.tr\/\">Logo<\/a> ve <a href=\"https:\/\/www.mikro.com.tr\/\">Mikro<\/a> ile entegre olarak ayr\u0131ca ba\u011f\u0131ms\u0131z olarak da \u00e7al\u0131\u015fabilmektedir.<\/p>\n\n\n\n<p>Sahada size i\u015f kolayl\u0131\u011f\u0131 ve i\u015f ak\u0131\u015f\u0131 sa\u011flar, sat\u0131\u015f s\u00fcre\u00e7lerinizi h\u0131zland\u0131r\u0131r ve ba\u015far\u0131ya ula\u015ft\u0131r\u0131r.<br>Do\u011fru i\u015f zekas\u0131 ve profesyonel raporlama \u00e7\u00f6z\u00fcmleriyle sizlere i\u015finiz hakk\u0131nda bilmeniz gereken t\u00fcm detaylar\u0131 g\u00f6sterir.<\/p>\n\n\n\n<p>Offline \u00e7al\u0131\u015fabilme \u00f6zelli\u011fi ile sizleri internete ba\u011fl\u0131 kalmak zorunda b\u0131rakmaz rahat ve kolay bir kullan\u0131m se\u00e7ene\u011fi sunar.<\/p>\n\n\n\n<p>Harita ve Dinamik Rout Optimizasyonlar\u0131 sayesinde sat\u0131\u015flar\u0131n\u0131n rotas\u0131n\u0131 siz belirlersiniz.<\/p>\n\n\n\n<p>Ayr\u0131ca <a href=\"http:\/\/www.satisotomasyon.com\/en\/2017\/03\/16\/s-leader-ile-neler-yapilabilir\/\">S-Leader \u015funlar\u0131 i\u00e7erir<\/a> :<\/p>\n\n\n\n<h4 class=\"wp-block-heading\">Saha Sat\u0131\u015f Otomasyon Sistemi<\/h4>\n\n\n\n<ul class=\"wp-block-list\"><li>Hot sale<\/li><li>Cold Sale<\/li><li>Collection (Finance) Management<\/li><li>Customer Management<\/li><li>Workflow and Site Management<\/li><li>Business Intelligence and Reporting Solutions<\/li><li>Stock Tracking and Management<\/li><li>Personnel Tracking<\/li><li>Route Planning<\/li><li>Dynamic Routing Optimization<\/li><li>Campaigns<\/li><\/ul>\n\n\n\n<p><strong>S-Leader Saha Sat\u0131\u015f Otomasyon Sistemi Kapsam\u0131<\/strong><\/p>\n\n\n\n<p><strong>BackOffice \u00d6zellikleri ve Mod\u00fclleri <\/strong><\/p>\n\n\n\n<ul class=\"wp-block-list\"><li>Genel \u00d6zellikler<ul><li>Web tabanl\u0131d\u0131r. Chrome browser ile t\u00fcm platformlarda (windows\/ android\/ iOS) \u00e7al\u0131\u015f\u0131r.<\/li><\/ul><ul><li>Kullan\u0131c\u0131 \/ rol tabanl\u0131 yetkilendirme vard\u0131r. Hiyerar\u015fik yetki ba\u011f\u0131 ile ast \u00fcst ili\u015fkisi dahilinde y\u00f6netimsel i\u015flemler ve raporlanan veriler s\u0131n\u0131rland\u0131r\u0131l\u0131r.<\/li><\/ul><ul><li>Birden fazla i\u015fyeri \/ b\u00f6l\u00fcm \/ ambar destekler<\/li><\/ul><ul><li>Logo&nbsp; Tiger ile entegre \u00e7al\u0131\u015f\u0131r. Cari, \u00fcr\u00fcn, fiyat, stok, sipari\u015f, tahsilat fi\u015fleri vb bilgiler d\u00fczenli aral\u0131klarla iki y\u00f6nl\u00fc olarak senkronize edilir.<\/li><\/ul><\/li><li>Kartlar Mod\u00fcl\u00fc<ul><li>ERP\u2019den aktar\u0131lan cari kartlar g\u00f6r\u00fcnt\u00fclenebilir ve yeni cari kart eklemesi yap\u0131labilir.<\/li><\/ul><ul><li>Saha ekibinin yeni ke\u015ffetti\u011fi cariler g\u00f6r\u00fcnt\u00fclenebilir ve onaylanarak ERP\u2019ye aktar\u0131m\u0131 sa\u011flanabilir.<\/li><\/ul><ul><li>ERP\u2019den aktar\u0131lan saha personeli kartlar\u0131 g\u00f6r\u00fcnt\u00fclenebilir. Yeni kart a\u00e7\u0131labilir. Liste d\u0131\u015far\u0131 aktar\u0131labilir.<\/li><\/ul><ul><li>Rota (Cari- ST ba\u011flant\u0131s\u0131 ) tan\u0131m\u0131 yap\u0131labilir.<\/li><\/ul><ul><li>Rota ziyaret g\u00fcn planlamalar\u0131 yap\u0131labilir.<\/li><\/ul><ul><li>Cari kanallar\u0131 baz\u0131nda PSKU\/MSL \u00fcr\u00fcnleri tan\u0131mlanabilir.<\/li><\/ul><\/li><li>Saha Sat\u0131\u015f Otomasyon Sistemi Mod\u00fcl\u00fc<ul><li>\u0130ade sebepleri, ziyaret sonland\u0131rma sebepleri vb \u00e7al\u0131\u015fma tan\u0131mlar\u0131 yap\u0131labilir.<\/li><\/ul><ul><li>Kampanya tan\u0131mlar\u0131 yap\u0131labilir. (Faz 1 \u2018de basit iskonto ve promosyon kampanyalar\u0131)<\/li><\/ul><ul><li>Ziyaret ge\u00e7mi\u015fleri g\u00f6r\u00fcnt\u00fclenebilir ve incelenebilir.<\/li><\/ul><\/li><li>Raporlar Mod\u00fcl\u00fc<ul><li>Hedef Realize raporu<\/li><\/ul><ul><li>Kapsam kontrol raporu<\/li><\/ul><ul><li>PSKU \/ MSL raporu<\/li><\/ul><ul><li>Detayl\u0131 sat\u0131\u015f raporu<\/li><\/ul><ul><li>Bakiye sipari\u015f raporu<\/li><\/ul><ul><li>Stok raporu<\/li><\/ul><ul><li>Servis seviyesi raporu<\/li><\/ul><ul><li>Stok g\u00fcnleri raporu<\/li><\/ul><ul><li>Bor\u00e7 takip raporu<\/li><\/ul><ul><li>Vadesi yakla\u015fan tahsilatlar raporu<\/li><\/ul><ul><li>Tahsilat performans raporu<\/li><\/ul><ul><li>Rout Takip \/ Ziyaret raporu<\/li><\/ul><\/li><li>Geli\u015fmi\u015f Kampanya Mod\u00fcl\u00fc<ul><li>Kompleks kampanya uygulamalar\u0131 yap\u0131labilir.<\/li><\/ul><\/li><\/ul>\n\n\n\n<h3 class=\"wp-block-heading\"><strong>Mobil saha sat\u0131\u015f otomasyonun \u00d6zellikleri ve Mod\u00fclleri <\/strong><\/h3>\n\n\n\n<ul class=\"wp-block-list\"><li>Genel \u00d6zelilkler<ul><li>Cihaz ve platform ba\u011f\u0131ms\u0131zd\u0131r. (Android \/ iOS)<\/li><\/ul><ul><li>Native uygulama olarak \u00e7al\u0131\u015f\u0131r. <\/li><\/ul><ul><li>ERP verilerini ve BackOffice d\u00fczenlemelerini internet ba\u011flant\u0131s\u0131 oldu\u011funda arka planda mobil cihaza senkronize eder.<\/li><\/ul><ul><li>Mobil cihazda toplanan sipari\u015fleri ve di\u011fer verileri arka planda BackOffice sunucusuna senkronize eder.<\/li><\/ul><ul><li>Online \/offline \u00e7al\u0131\u015f\u0131r<\/li><\/ul><ul><li>Program kurulumundan sonra kullan\u0131c\u0131 i\u00e7in ayr\u0131 kurulum gerektirmez<\/li><\/ul><ul><li>Senkronizasyon belli s\u00fcre (\u00f6rn. 1 saat gibi) yap\u0131lamad\u0131\u011f\u0131nda uyar\u0131 verir.<\/li><\/ul><\/li><li>Ziyaret Mod\u00fcl\u00fc<ul><li>Giri\u015f yapan ST\u2019nin rotas\u0131ndaki cariler ziyaret tarihi s\u0131ras\u0131na g\u00f6re listelenir.<\/li><\/ul><ul><li>Ziyaret edilecek cari noktas\u0131 se\u00e7ilerek ziyaret ya da sipari\u015f (parametre ayar\u0131na g\u00f6re) ekran\u0131 ba\u015flat\u0131l\u0131r.<\/li><\/ul><ul><li>Ziyaret giri\u015fi yap\u0131lan cariye ait genel bilgiler ve \u00f6zet analiz raporlar\u0131 g\u00f6r\u00fcnt\u00fclenebilir.<\/li><\/ul><ul><li>Ge\u00e7mi\u015f ziyaretler g\u00f6r\u00fcnt\u00fclenebilir.<\/li><\/ul><\/li><li>Sipari\u015f Mod\u00fcl\u00fc<ul><li>Sipari\u015f ekran\u0131nda PSKU \/ MSL \u00fcr\u00fcnler \u00fcst s\u0131ralarda ve duruma g\u00f6re renklendirilmi\u015f olmak \u00fczere \u00fcr\u00fcn listesi g\u00f6r\u00fcnt\u00fclenir.<\/li><\/ul><ul><li>\u00dcr\u00fcn yetki kodu veya ba\u015fka ortak kod kullan\u0131mlar\u0131na g\u00f6re \u00fcr\u00fcn gruplamas\u0131 yap\u0131labilir ve PSKU \/ MSL \u00fcr\u00fcn renklendirmesi ortak kod dikkate al\u0131narak yap\u0131l\u0131r.<\/li><\/ul><ul><li>Sipari\u015f sat\u0131r s\u0131n\u0131rlamas\u0131 a\u015f\u0131ld\u0131\u011f\u0131nda sipari\u015f esnas\u0131nda uyar\u0131 verilecek.<\/li><\/ul><ul><li>Sepet g\u00f6r\u00fcnt\u00fclenebilir ve sepet ekran\u0131nda mevcut kampanyalar uygulan\u0131r.<\/li><\/ul><ul><li>Se\u00e7ime tabi kampanyalar varsa listeden se\u00e7tirilir.<\/li><\/ul><ul><li>Sepetteki \u00fcr\u00fcnler d\u00fczenlenebilir, silinebilir, miktar de\u011fi\u015ftirilebilir.<\/li><\/ul><ul><li>D\u00fczenlenen sepette kampanyalar temizlenerek yeniden uygulan\u0131r.<\/li><\/ul><ul><li>Sipari\u015f kaydedilebilir. Sonra yeniden d\u00fczenlenebilir.<\/li><\/ul><ul><li>D\u00fczenlemesi biten sipari\u015f g\u00f6nderilmek \u00fczere i\u015faretlenir.<\/li><\/ul><ul><li>Sipari\u015f g\u00f6nderilmeden silinebilir. G\u00f6nderilen sipari\u015fler mobilden silinemez.<\/li><\/ul><ul><li>Ge\u00e7mi\u015f sipari\u015fler ve sevkiyat durumlar\u0131 g\u00f6r\u00fcnt\u00fclenebilir.<\/li><\/ul><ul><li>Sipari\u015f giri\u015finde depo se\u00e7imi olacak.<\/li><\/ul><\/li><\/ul>\n\n\n\n<p>\n\n\n\n\n\n\n\n\n\n\n\n\n\n\n\n\n\n\n\n\n\n\n\n\n\n\n\n\n\n\n\n\n\n\n\n\n\n\n\n\n\n\n\n\n\n\n\n\n\n\n\n\n\n\n\n\n\n\n\n\n\n\n\n\n\n\n\n\n\n\n\n\n\n\n\n\n\n\n\n\n\n\n\n\n\n\n\n\n\n\n\n\n\n\n\n\n\n\n\n\n\n\n\n\n\n\n\n\n\n\n\n\n\n\n\n\n\n\n\n\n\n\n\n\n\n\n\n\n\n\n\n\n\n\n\n\n\nKaydedilen\nraporlar e-posta veya ba\u015fka kanallardan iletilebilir.\n\n\n\n<\/p>\n\n\n\n<p><a href=\"http:\/\/www.capteknoloji.com.tr\">S-Leader hakk\u0131nda bilgi almak i\u00e7in l\u00fctfen bizlere ula\u015f\u0131n.<\/a><\/p>","protected":false},"excerpt":{"rendered":"<p>S-Leader yeni nesil mobil saha sat\u0131\u015f otomasyon sistemidir.Online ve offline \u00e7al\u0131\u015fabilme \u00f6zelli\u011fine sahip \u00e7oklu ekranlarda kullan\u0131lan responsive bir sistemdir. Logo ve Mikro ile entegre olarak ayr\u0131ca ba\u011f\u0131ms\u0131z olarak da \u00e7al\u0131\u015fabilmektedir. Sahada size i\u015f kolayl\u0131\u011f\u0131 ve i\u015f ak\u0131\u015f\u0131 sa\u011flar, sat\u0131\u015f s\u00fcre\u00e7lerinizi h\u0131zland\u0131r\u0131r ve ba\u015far\u0131ya ula\u015ft\u0131r\u0131r.Do\u011fru i\u015f zekas\u0131 ve profesyonel raporlama \u00e7\u00f6z\u00fcmleriyle sizlere i\u015finiz hakk\u0131nda bilmeniz gereken [&hellip;]<\/p>","protected":false},"author":1,"featured_media":5629,"parent":0,"menu_order":0,"comment_status":"open","ping_status":"open","template":"templates\/home.php","meta":{"_seopress_robots_primary_cat":"","_seopress_titles_title":"S-Leader Saha Sat\u0131\u015f Otomasyon Sistemi - Mobil Saha Sat\u0131\u015f Otomasyonu","_seopress_titles_desc":"S-Leader Saha Sat\u0131\u015f Otomasyon Sistemi sizlere sahada i\u015f kolayl\u0131\u011f\u0131 sa\u011flar. Responsive bir sistemdir. Logo ve Mikro ile uyumludur. ","_seopress_robots_index":"","content-type":"","footnotes":""},"class_list":["post-5209","page","type-page","status-publish","has-post-thumbnail","hentry"],"jetpack_sharing_enabled":true,"_links":{"self":[{"href":"https:\/\/www.satisotomasyon.com\/en\/wp-json\/wp\/v2\/pages\/5209","targetHints":{"allow":["GET"]}}],"collection":[{"href":"https:\/\/www.satisotomasyon.com\/en\/wp-json\/wp\/v2\/pages"}],"about":[{"href":"https:\/\/www.satisotomasyon.com\/en\/wp-json\/wp\/v2\/types\/page"}],"author":[{"embeddable":true,"href":"https:\/\/www.satisotomasyon.com\/en\/wp-json\/wp\/v2\/users\/1"}],"replies":[{"embeddable":true,"href":"https:\/\/www.satisotomasyon.com\/en\/wp-json\/wp\/v2\/comments?post=5209"}],"version-history":[{"count":6,"href":"https:\/\/www.satisotomasyon.com\/en\/wp-json\/wp\/v2\/pages\/5209\/revisions"}],"predecessor-version":[{"id":5634,"href":"https:\/\/www.satisotomasyon.com\/en\/wp-json\/wp\/v2\/pages\/5209\/revisions\/5634"}],"wp:featuredmedia":[{"embeddable":true,"href":"https:\/\/www.satisotomasyon.com\/en\/wp-json\/wp\/v2\/media\/5629"}],"wp:attachment":[{"href":"https:\/\/www.satisotomasyon.com\/en\/wp-json\/wp\/v2\/media?parent=5209"}],"curies":[{"name":"wp","href":"https:\/\/api.w.org\/{rel}","templated":true}]}}