{"id":4869,"date":"2017-03-23T06:53:35","date_gmt":"2017-03-23T06:53:35","guid":{"rendered":"https:\/\/promenadethemes.com\/demo\/winsome\/onepage\/?page_id=4869"},"modified":"2020-05-02T23:00:08","modified_gmt":"2020-05-02T20:00:08","slug":"s-leader-responsive","status":"publish","type":"page","link":"https:\/\/www.satisotomasyon.com\/en\/s-leader-responsive\/","title":{"rendered":"S-Leader daima sizinle."},"content":{"rendered":"<p>S-Leader daima sizinle.<\/p>\n\n\n\n<p>Yukar\u0131da bulunan g\u00f6rselde <a href=\"http:\/\/www.capteknoloji.com.tr\">S-Leader<\/a> <a href=\"https:\/\/www.satisotomasyon.com\/en\/s-leader\/neden-satis-otomasyon\/\">Saha Sat\u0131\u015f Otomasyonunun<\/a> t\u00fcm cihazlarda aktif olarak kullan\u0131ld\u0131\u011f\u0131n\u0131 g\u00f6r\u00fcnt\u00fcleyebilirsiniz.<\/p>\n\n\n<p>Masa\u00fcst\u00fc, mobil, tablet gibi istedi\u011finiz cihazlardan ihtiyac\u0131n\u0131z olan her an yan\u0131n\u0131zda.<\/p>\n\n\n<h2 class=\"wp-block-heading\">Kolay Kullan\u0131m ve Sade Bir Tasar\u0131m<\/h2>\n\n\n\n<h3 class=\"wp-block-heading\"> S-Leader daima sizinle. <\/h3>\n\n\n\n<p>Sizin ve saha personellerinizin kolayca kullanabilmesi i\u00e7in \u00f6zel tasarlanm\u0131\u015f ekranlar\u0131m\u0131z ile kolay kullan\u0131m imkan\u0131.<\/p>\n\n\n\n<p> \u0130ster telefonda bir mobil uygulama, ister masa\u00fcst\u00fc bilgisayar\u0131n\u0131zda bir web sayfas\u0131 ve isterseniz bir el terminalinde barkod okuyucu aray\u00fcz\u00fc.<br><br>S-Leader saha sat\u0131\u015f otomasyonu i\u015fte bu kadar basit ve bu kadar \u00e7ok kullan\u0131\u015fl\u0131.<br>Art\u0131k raporlar\u0131n\u0131z i\u00e7in bir sekretere ihtiyac\u0131n\u0131z yok.<br>Stokta ki \u00fcr\u00fcn bilgisi i\u00e7in s\u00fcrekli ba\u015fkalar\u0131 ile g\u00f6r\u00fc\u015fme derdine de son.<br>Ve sat\u0131\u015f temsilcilerine sadece y\u00fck olan el terminalleri ve koca koca tabletlere de son.<\/p>\n\n\n\n<p>Neden mi ? <\/p>\n\n\n\n<p>\u00c7\u00fcnk\u00fc art\u0131k S-LEADER SAHA SATI\u015e OTOMASYONU var.<br>\u0130steyen istedi\u011fi aray\u00fczden \u00e7al\u0131\u015fs\u0131n.<\/p>\n\n\n\n<p>*\u0130nternet ba\u011flant\u0131s\u0131 gerektirmez.<\/p>\n\n\n\n<p>\u0130nternet ba\u011flant\u0131n\u0131z olmadan rahat\u00e7a mobil cep telefonunuzdan an\u0131nda sipari\u015finizi alabilir, ziyaretinizi ger\u00e7ekle\u015ftirebilir, faturan\u0131z\u0131 kesebilirsiniz.<br>Offline modu hakk\u0131nda bilgi almak i\u00e7in <strong><em><a href=\"http:\/\/www.satisotomasyon.com\/en\/our-services__trashed\/s-leader-offline\/\">buraya<\/a><\/em><\/strong> t\u0131klayabilirsiniz.<\/p>\n\n\n\n<ul class=\"wp-block-list\"><li><strong><em>Masa\u00fcst\u00fc<\/em><\/strong><br>a. Kusursuz bir BackOffice deneyimi.<br>    Y\u00f6netici oldu\u011funuzu hissedeceksiniz.<\/li><li><strong><em>Laptop<\/em><\/strong><br> a. Kusursuz bir BackOffice deneyimi. <br>     Y\u00f6netici oldu\u011funuzu hissedeceksiniz. <\/li><li><strong><em>Macbook<\/em><\/strong><br> a. Kusursuz BackOffice kullan\u0131m\u0131<br> b. Profesyonel Saha Y\u00f6netimi <\/li><li><strong><em>Tablet<\/em><\/strong><br> a. Profesyonel Saha Y\u00f6netimi<br> b. \u0130\u015f ak\u0131\u015f\u0131 y\u00f6netimi<\/li><li><strong><em>Hand Terminals<\/em><\/strong><br> a. Profesyonel Saha Y\u00f6netimi<br> b. \u0130\u015f ak\u0131\u015f\u0131 y\u00f6netimi <\/li><li><strong><em>Mobil Cep Telefonlar\u0131<\/em><\/strong><br> a. Profesyonel Saha Y\u00f6netimi<br> b. \u0130\u015f ak\u0131\u015f\u0131 y\u00f6netimi <\/li><\/ul>","protected":false},"excerpt":{"rendered":"<p>S-Leader daima sizinle. Yukar\u0131da bulunan g\u00f6rselde S-Leader Saha Sat\u0131\u015f Otomasyonunun t\u00fcm cihazlarda aktif olarak kullan\u0131ld\u0131\u011f\u0131n\u0131 g\u00f6r\u00fcnt\u00fcleyebilirsiniz. Masa\u00fcst\u00fc, mobil, tablet gibi istedi\u011finiz cihazlardan ihtiyac\u0131n\u0131z olan her an yan\u0131n\u0131zda. Kolay Kullan\u0131m ve Sade Bir Tasar\u0131m S-Leader daima sizinle. Sizin ve saha personellerinizin kolayca kullanabilmesi i\u00e7in \u00f6zel tasarlanm\u0131\u015f ekranlar\u0131m\u0131z ile kolay kullan\u0131m imkan\u0131. \u0130ster telefonda bir mobil uygulama, [&hellip;]<\/p>","protected":false},"author":1,"featured_media":0,"parent":0,"menu_order":0,"comment_status":"closed","ping_status":"closed","template":"","meta":{"_seopress_robots_primary_cat":"","_seopress_titles_title":"S-Leader daima sizinle-S-Leader-saha-sat\u0131\u015f-otomasyonu","_seopress_titles_desc":"S-Leader daima sizinle. S-Leader saha sat\u0131\u015f otomasyon sistemi responsive yap\u0131s\u0131 sayeseinde t\u00fcm cihazlardan rahat\u00e7a kullan\u0131labilir.","_seopress_robots_index":"","content-type":"","footnotes":""},"class_list":["post-4869","page","type-page","status-publish","hentry"],"jetpack_sharing_enabled":true,"_links":{"self":[{"href":"https:\/\/www.satisotomasyon.com\/en\/wp-json\/wp\/v2\/pages\/4869","targetHints":{"allow":["GET"]}}],"collection":[{"href":"https:\/\/www.satisotomasyon.com\/en\/wp-json\/wp\/v2\/pages"}],"about":[{"href":"https:\/\/www.satisotomasyon.com\/en\/wp-json\/wp\/v2\/types\/page"}],"author":[{"embeddable":true,"href":"https:\/\/www.satisotomasyon.com\/en\/wp-json\/wp\/v2\/users\/1"}],"replies":[{"embeddable":true,"href":"https:\/\/www.satisotomasyon.com\/en\/wp-json\/wp\/v2\/comments?post=4869"}],"version-history":[{"count":4,"href":"https:\/\/www.satisotomasyon.com\/en\/wp-json\/wp\/v2\/pages\/4869\/revisions"}],"predecessor-version":[{"id":5460,"href":"https:\/\/www.satisotomasyon.com\/en\/wp-json\/wp\/v2\/pages\/4869\/revisions\/5460"}],"wp:attachment":[{"href":"https:\/\/www.satisotomasyon.com\/en\/wp-json\/wp\/v2\/media?parent=4869"}],"curies":[{"name":"wp","href":"https:\/\/api.w.org\/{rel}","templated":true}]}}