{"id":4736,"date":"2016-12-26T06:04:01","date_gmt":"2016-12-26T06:04:01","guid":{"rendered":"http:\/\/localhost\/winsome\/?page_id=4736"},"modified":"2020-03-28T01:11:22","modified_gmt":"2020-03-27T22:11:22","slug":"s-leader-offline","status":"publish","type":"page","link":"https:\/\/www.satisotomasyon.com\/en\/s-leader-offline\/","title":{"rendered":"S-Leader Offline capability."},"content":{"rendered":"<p>S-Leader Offline \u00e7al\u0131\u015fabilen mobil saha sat\u0131\u015f otomasyonu<\/p>\n\n\n\n<div class=\"wp-block-image\"><figure class=\"aligncenter size-full is-resized\"><img loading=\"lazy\" decoding=\"async\" src=\"http:\/\/www.satisotomasyon.com\/wp-content\/uploads\/2020\/03\/offline.jpg\" alt=\"S-Leader Offline mobil saha sat\u0131\u015f otomasyonu\" class=\"wp-image-5449\" width=\"350\" height=\"148\"\/><figcaption>S-Leader online ve offline olarak sorunsuzca \u00e7al\u0131\u015fabilmektedir.<\/figcaption><\/figure><\/div>\n\n\n<p>Sat\u0131\u015f i\u015fi yap\u0131yorsunuz.&nbsp;<br>Kendinize ait bir sat\u0131\u015f program\u0131n\u0131z da var, ama internetsiz kullanam\u0131yor musunuz ?<\/p>\n<p>T\u00fcm bu dertlerinize son vermek yap\u0131lm\u0131\u015f bir uygulamadan bahsetmemi ister misiniz ? <br>Cevap tabiki; <a href=\"https:\/\/www.satisotomasyon.com\/en\/s-leader\/\"><em><strong>S-Leader Saha Sat\u0131\u015f Otomasyon Program\u0131.&nbsp;<\/strong><\/em><\/a><\/p>\n\n\n<h4 class=\"wp-block-heading\">Neden offline sat\u0131\u015f otomasyonuna ihtiyac\u0131m\u0131z var?<\/h4>\n\n\n\n<blockquote class=\"wp-block-quote is-layout-flow wp-block-quote-is-layout-flow\"><p>Mobil cihazlarla internetin olmad\u0131\u011f\u0131 metro, bodrum katlar ya da k\u0131rsal kesimlerde bulunan da\u011f, ova gibi konumlarda i\u015f ak\u0131\u015flar\u0131m\u0131zda kesinti ya\u015fayabiliyoruz. Baz\u0131 sekt\u00f6rlerde bu \u00e7ok fazla ya\u015fanabiliyor. \u00d6rnek olarak medikal sekt\u00f6rde faaliyet g\u00f6steren firmalar, zemin alt\u0131nda bulunan katlarda hizmet veriyor. Madencilikte ve ayn\u0131 mant\u0131kta kazan i\u015fleri yapan firmalar internet hizmeti bulmakta g\u00fc\u00e7l\u00fck \u00e7ekiyor. Bu sebep ile offline \u00e7al\u0131\u015fabilen S-Leader. size kesintisiz hizmet olana\u011f\u0131 yarat\u0131yor.<\/p><\/blockquote>\n\n\n\n<div class=\"wp-block-image\"><figure class=\"alignright size-medium\"><img loading=\"lazy\" decoding=\"async\" width=\"300\" height=\"273\" src=\"http:\/\/www.satisotomasyon.com\/wp-content\/uploads\/2020\/03\/offline-sleader-300x273.jpg\" alt=\"S-Leader Offline mobil saha sat\u0131\u015f otomasyonu\" class=\"wp-image-5450\" srcset=\"https:\/\/www.satisotomasyon.com\/wp-content\/uploads\/2020\/03\/offline-sleader-300x273.jpg 300w, https:\/\/www.satisotomasyon.com\/wp-content\/uploads\/2020\/03\/offline-sleader-768x700.jpg 768w, https:\/\/www.satisotomasyon.com\/wp-content\/uploads\/2020\/03\/offline-sleader.jpg 880w\" sizes=\"auto, (max-width: 300px) 100vw, 300px\" \/><figcaption>S-Leader Offline mobil saha sat\u0131\u015f otomasyonu<\/figcaption><\/figure><\/div>\n\n\n\n<p>S-Leader;  web tabanl\u0131 y\u00f6netim paneli olan, native mobil uygulamas\u0131 bulunan yeni nesil saha sat\u0131\u015f otomasyon program\u0131d\u0131r. <br>Online ve Offline \u00e7al\u0131\u015fabilme \u00f6zelli\u011fine sahiptir.<br>T\u00fcm g\u00fcn boyunca hi\u00e7 internete ba\u011flanmadan m\u00fc\u015fteri ziyaretine gidilebilir, sat\u0131\u015f yap\u0131labilir ve tahsilat al\u0131nabilir.<br>Dosyalar\u0131n\u0131z kaybolmaz, gitti\u011finiz ziyaretler yok say\u0131lmaz yapt\u0131\u011f\u0131n\u0131z t\u00fcm i\u015flemler ge\u00e7erlili\u011fini korur.<\/p>\n\n\n\n<p>Sonras\u0131nda g\u00fcn i\u00e7inde internete ba\u011fland\u0131\u011f\u0131n\u0131z ilk anda uygulama verilerinizi arka planda senkronize eder ve yapt\u0131\u011f\u0131n\u0131z t\u00fcm i\u015flemler Backoffice kullan\u0131c\u0131lar\u0131 y\u00f6neticilerin bilgi ekran\u0131na otomatik senkronize olur.<br><br><strong><em>*\u0130\u015finizin kolayl\u0131\u011f\u0131 i\u00e7in <a href=\"https:\/\/www.satisotomasyon.com\/en\/s-leader\/\">S-Leader<\/a>&#8216;\u0131 tercih edin.<\/em><\/strong><\/p>\n\n\n\n<p>S-Leader <a href=\"http:\/\/www.capteknoloji.com.tr\/\">\u00c7AP TEKNOLOJ\u0130<\/a>&#8216;ye aittir.<\/p>","protected":false},"excerpt":{"rendered":"<p>S-Leader Offline \u00e7al\u0131\u015fabilen mobil saha sat\u0131\u015f otomasyonu Sat\u0131\u015f i\u015fi yap\u0131yorsunuz.&nbsp;Kendinize ait bir sat\u0131\u015f program\u0131n\u0131z da var, ama internetsiz kullanam\u0131yor musunuz ? T\u00fcm bu dertlerinize son vermek yap\u0131lm\u0131\u015f bir uygulamadan bahsetmemi ister misiniz ? Cevap tabiki; S-Leader Saha Sat\u0131\u015f Otomasyon Program\u0131.&nbsp; Neden offline sat\u0131\u015f otomasyonuna ihtiyac\u0131m\u0131z var? Mobil cihazlarla internetin olmad\u0131\u011f\u0131 metro, bodrum katlar ya da [&hellip;]<\/p>","protected":false},"author":1,"featured_media":0,"parent":0,"menu_order":0,"comment_status":"open","ping_status":"closed","template":"","meta":{"_seopress_robots_primary_cat":"","_seopress_titles_title":"S-Leader Offline mobil saha sat\u0131\u015f otomasyonu-Offline-sat\u0131\u015f-otomasyon","_seopress_titles_desc":"S-Leader Offline \u00e7al\u0131\u015fabilen mobil saha sat\u0131\u015f otomasyonu|S-Leader saha sat\u0131\u015f otomasyonu online ve offline \u00e7al\u0131\u015fabilme \u00f6zelli\u011fine sahiptir.","_seopress_robots_index":"","content-type":"","footnotes":""},"class_list":["post-4736","page","type-page","status-publish","hentry"],"jetpack_sharing_enabled":true,"_links":{"self":[{"href":"https:\/\/www.satisotomasyon.com\/en\/wp-json\/wp\/v2\/pages\/4736","targetHints":{"allow":["GET"]}}],"collection":[{"href":"https:\/\/www.satisotomasyon.com\/en\/wp-json\/wp\/v2\/pages"}],"about":[{"href":"https:\/\/www.satisotomasyon.com\/en\/wp-json\/wp\/v2\/types\/page"}],"author":[{"embeddable":true,"href":"https:\/\/www.satisotomasyon.com\/en\/wp-json\/wp\/v2\/users\/1"}],"replies":[{"embeddable":true,"href":"https:\/\/www.satisotomasyon.com\/en\/wp-json\/wp\/v2\/comments?post=4736"}],"version-history":[{"count":3,"href":"https:\/\/www.satisotomasyon.com\/en\/wp-json\/wp\/v2\/pages\/4736\/revisions"}],"predecessor-version":[{"id":5455,"href":"https:\/\/www.satisotomasyon.com\/en\/wp-json\/wp\/v2\/pages\/4736\/revisions\/5455"}],"wp:attachment":[{"href":"https:\/\/www.satisotomasyon.com\/en\/wp-json\/wp\/v2\/media?parent=4736"}],"curies":[{"name":"wp","href":"https:\/\/api.w.org\/{rel}","templated":true}]}}