{"id":4734,"date":"2016-12-26T06:03:39","date_gmt":"2016-12-26T06:03:39","guid":{"rendered":"http:\/\/localhost\/winsome\/?page_id=4734"},"modified":"2022-04-13T08:44:45","modified_gmt":"2022-04-13T05:44:45","slug":"search-engine-optimized","status":"publish","type":"page","link":"https:\/\/www.satisotomasyon.com\/en\/search-engine-optimized\/","title":{"rendered":"Business Intelligence and Reporting"},"content":{"rendered":"<p><strong>S-Leader Sales Automation System<\/strong>&#8216;nin \u00fcst\u00fcn <strong>\u0130\u015f Zekas\u0131 ve Raporlama Sistemi<\/strong> ile ekibinizin ve firman\u0131z\u0131n sat\u0131\u015f s\u00fcre\u00e7lerindeki verimlili\u011fini analiz edebilirsiniz. Bu sayede verilen hedeflere ula\u015f\u0131l\u0131p ula\u015f\u0131lmad\u0131\u011f\u0131n\u0131 ve olas\u0131 aksakl\u0131klar\u0131 \u00e7ok ge\u00e7meden g\u00f6r\u00fcp m\u00fcdahale etme ve d\u00fczeltme olanaklar\u0131na sahip olursunuz.<\/p>\n<p><strong>S-Leader \u0130\u015f Zekas\u0131 Raporlar\u0131<\/strong>&#8216;na her an ve her yerden internet ba\u011flant\u0131s\u0131na sahip herhangi bir cihazdan ula\u015fabilirsiniz. Siz ofiste de\u011filken bile kontrol\u00fcn sizde olmas\u0131, ekibinizin \u00fczerindeki sat\u0131\u015f s\u00fcre\u00e7leri bask\u0131s\u0131n\u0131n ve verimlili\u011fin devam\u0131n\u0131 sa\u011flar.<\/p>\n\n\n<p><\/p>","protected":false},"excerpt":{"rendered":"<p>S-Leader Sat\u0131\u015f Otomasyon Sistemi&#8216;nin \u00fcst\u00fcn \u0130\u015f Zekas\u0131 ve Raporlama Sistemi ile ekibinizin ve firman\u0131z\u0131n sat\u0131\u015f s\u00fcre\u00e7lerindeki verimlili\u011fini analiz edebilirsiniz. Bu sayede verilen hedeflere ula\u015f\u0131l\u0131p ula\u015f\u0131lmad\u0131\u011f\u0131n\u0131 ve olas\u0131 aksakl\u0131klar\u0131 \u00e7ok ge\u00e7meden g\u00f6r\u00fcp m\u00fcdahale etme ve d\u00fczeltme olanaklar\u0131na sahip olursunuz. S-Leader \u0130\u015f Zekas\u0131 Raporlar\u0131&#8216;na her an ve her yerden internet ba\u011flant\u0131s\u0131na sahip herhangi bir cihazdan ula\u015fabilirsiniz. Siz [&hellip;]<\/p>","protected":false},"author":1,"featured_media":5404,"parent":0,"menu_order":0,"comment_status":"closed","ping_status":"closed","template":"","meta":{"_seopress_robots_primary_cat":"","_seopress_titles_title":"\u0130\u015f Zekas\u0131 ve Raporlama","_seopress_titles_desc":"S-Leader Sat\u0131\u015f Otomasyon Sistemi&#039;nin \u00fcst\u00fcn \u0130\u015f Zekas\u0131 ve Raporlama Sistemi ile ekibinizin ve firman\u0131z\u0131n..","_seopress_robots_index":"","content-type":"","footnotes":""},"class_list":["post-4734","page","type-page","status-publish","has-post-thumbnail","hentry"],"jetpack_sharing_enabled":true,"_links":{"self":[{"href":"https:\/\/www.satisotomasyon.com\/en\/wp-json\/wp\/v2\/pages\/4734","targetHints":{"allow":["GET"]}}],"collection":[{"href":"https:\/\/www.satisotomasyon.com\/en\/wp-json\/wp\/v2\/pages"}],"about":[{"href":"https:\/\/www.satisotomasyon.com\/en\/wp-json\/wp\/v2\/types\/page"}],"author":[{"embeddable":true,"href":"https:\/\/www.satisotomasyon.com\/en\/wp-json\/wp\/v2\/users\/1"}],"replies":[{"embeddable":true,"href":"https:\/\/www.satisotomasyon.com\/en\/wp-json\/wp\/v2\/comments?post=4734"}],"version-history":[{"count":4,"href":"https:\/\/www.satisotomasyon.com\/en\/wp-json\/wp\/v2\/pages\/4734\/revisions"}],"predecessor-version":[{"id":5635,"href":"https:\/\/www.satisotomasyon.com\/en\/wp-json\/wp\/v2\/pages\/4734\/revisions\/5635"}],"wp:featuredmedia":[{"embeddable":true,"href":"https:\/\/www.satisotomasyon.com\/en\/wp-json\/wp\/v2\/media\/5404"}],"wp:attachment":[{"href":"https:\/\/www.satisotomasyon.com\/en\/wp-json\/wp\/v2\/media?parent=4734"}],"curies":[{"name":"wp","href":"https:\/\/api.w.org\/{rel}","templated":true}]}}