{"id":4728,"date":"2016-12-26T06:02:29","date_gmt":"2016-12-26T06:02:29","guid":{"rendered":"http:\/\/localhost\/winsome\/?page_id=4728"},"modified":"2021-03-04T19:33:01","modified_gmt":"2021-03-04T16:33:01","slug":"custom-widgets","status":"publish","type":"page","link":"https:\/\/www.satisotomasyon.com\/en\/custom-widgets\/","title":{"rendered":"User Friendly Interfaces"},"content":{"rendered":"<p><strong>S-Leader Sales Automation System<\/strong>&#8216;nin kullan\u0131c\u0131 dostu ara y\u00fczleri sayesinde, sat\u0131\u015f ekibiniz k\u0131sa s\u00fcrede sistemle uyum sa\u011flayacakt\u0131r. B\u00f6ylece ba\u015fka sistemlerdeki uyum s\u00fcrecinde harcanan s\u00fcreleri, as\u0131l hedefiniz olan <strong>sat\u0131\u015f<\/strong>, <strong>tahsilat<\/strong>, <strong>ziyaret<\/strong>, <strong>iade<\/strong>, <strong>kampanyalar<\/strong> gibi konular i\u00e7in kullan\u0131p i\u015finizi h\u0131zland\u0131rarak kazanc\u0131n\u0131z\u0131 art\u0131racaks\u0131n\u0131z.\u00a0\u00a0<\/p>\n\n\n<p><\/p>","protected":false},"excerpt":{"rendered":"<p>S-Leader Sat\u0131\u015f Otomasyon Sistemi&#8216;nin kullan\u0131c\u0131 dostu ara y\u00fczleri sayesinde, sat\u0131\u015f ekibiniz k\u0131sa s\u00fcrede sistemle uyum sa\u011flayacakt\u0131r. B\u00f6ylece ba\u015fka sistemlerdeki uyum s\u00fcrecinde harcanan s\u00fcreleri, as\u0131l hedefiniz olan sat\u0131\u015f, tahsilat, ziyaret, iade, kampanyalar gibi konular i\u00e7in kullan\u0131p i\u015finizi h\u0131zland\u0131rarak kazanc\u0131n\u0131z\u0131 art\u0131racaks\u0131n\u0131z.\u00a0\u00a0<\/p>","protected":false},"author":1,"featured_media":0,"parent":0,"menu_order":0,"comment_status":"closed","ping_status":"closed","template":"","meta":{"_seopress_robots_primary_cat":"","_seopress_titles_title":"","_seopress_titles_desc":"","_seopress_robots_index":"","content-type":"","footnotes":""},"class_list":["post-4728","page","type-page","status-publish","hentry"],"jetpack_sharing_enabled":true,"_links":{"self":[{"href":"https:\/\/www.satisotomasyon.com\/en\/wp-json\/wp\/v2\/pages\/4728","targetHints":{"allow":["GET"]}}],"collection":[{"href":"https:\/\/www.satisotomasyon.com\/en\/wp-json\/wp\/v2\/pages"}],"about":[{"href":"https:\/\/www.satisotomasyon.com\/en\/wp-json\/wp\/v2\/types\/page"}],"author":[{"embeddable":true,"href":"https:\/\/www.satisotomasyon.com\/en\/wp-json\/wp\/v2\/users\/1"}],"replies":[{"embeddable":true,"href":"https:\/\/www.satisotomasyon.com\/en\/wp-json\/wp\/v2\/comments?post=4728"}],"version-history":[{"count":3,"href":"https:\/\/www.satisotomasyon.com\/en\/wp-json\/wp\/v2\/pages\/4728\/revisions"}],"predecessor-version":[{"id":5580,"href":"https:\/\/www.satisotomasyon.com\/en\/wp-json\/wp\/v2\/pages\/4728\/revisions\/5580"}],"wp:attachment":[{"href":"https:\/\/www.satisotomasyon.com\/en\/wp-json\/wp\/v2\/media?parent=4728"}],"curies":[{"name":"wp","href":"https:\/\/api.w.org\/{rel}","templated":true}]}}