{"id":4726,"date":"2016-12-26T06:02:06","date_gmt":"2016-12-26T03:02:06","guid":{"rendered":"http:\/\/localhost\/winsome\/?page_id=4726"},"modified":"2021-03-04T19:45:48","modified_gmt":"2021-03-04T16:45:48","slug":"247-hizmet","status":"publish","type":"page","link":"https:\/\/www.satisotomasyon.com\/en\/247-hizmet\/","title":{"rendered":"24\/7 Online Support"},"content":{"rendered":"<p>\u015e\u00fcphesiz ki sat\u0131n ald\u0131\u011f\u0131n\u0131z <strong>sat\u0131\u015f otomasyon sisteminin<\/strong> kabiliyetleri \u00f6nemlidir. Ancak hi\u00e7 destek alamad\u0131\u011f\u0131n\u0131z ya da zaman\u0131nda destek almakta zorland\u0131\u011f\u0131n\u0131z bir sistem, ne kadar yetenekli ve pop\u00fcler bir sistem olursa olsun bir s\u00fcre sonra i\u015finizin aksamas\u0131na sebep olacakt\u0131r.<br><br><strong>S-Leader Sales Automation System<\/strong> ile, kesintisiz ve h\u0131zl\u0131 geri d\u00f6n\u00fc\u015fl\u00fc online destek kanallar\u0131m\u0131z sayesinde, i\u015finizin h\u0131z\u0131 kesilmeden \u00e7al\u0131\u015fmaya ve kazanmaya devam edersiniz.<\/p>","protected":false},"excerpt":{"rendered":"<p>\u015e\u00fcphesiz ki sat\u0131n ald\u0131\u011f\u0131n\u0131z sat\u0131\u015f otomasyon sisteminin kabiliyetleri \u00f6nemlidir. Ancak hi\u00e7 destek alamad\u0131\u011f\u0131n\u0131z ya da zaman\u0131nda destek almakta zorland\u0131\u011f\u0131n\u0131z bir sistem, ne kadar yetenekli ve pop\u00fcler bir sistem olursa olsun bir s\u00fcre sonra i\u015finizin aksamas\u0131na sebep olacakt\u0131r. S-Leader Sat\u0131\u015f Otomasyon Sistemi ile, kesintisiz ve h\u0131zl\u0131 geri d\u00f6n\u00fc\u015fl\u00fc online destek kanallar\u0131m\u0131z sayesinde, i\u015finizin h\u0131z\u0131 kesilmeden \u00e7al\u0131\u015fmaya [&hellip;]<\/p>","protected":false},"author":1,"featured_media":5559,"parent":0,"menu_order":0,"comment_status":"closed","ping_status":"closed","template":"","meta":{"_seopress_robots_primary_cat":"","_seopress_titles_title":"Online destek","_seopress_titles_desc":"","_seopress_robots_index":"","content-type":"","footnotes":""},"class_list":["post-4726","page","type-page","status-publish","has-post-thumbnail","hentry"],"jetpack_sharing_enabled":true,"_links":{"self":[{"href":"https:\/\/www.satisotomasyon.com\/en\/wp-json\/wp\/v2\/pages\/4726","targetHints":{"allow":["GET"]}}],"collection":[{"href":"https:\/\/www.satisotomasyon.com\/en\/wp-json\/wp\/v2\/pages"}],"about":[{"href":"https:\/\/www.satisotomasyon.com\/en\/wp-json\/wp\/v2\/types\/page"}],"author":[{"embeddable":true,"href":"https:\/\/www.satisotomasyon.com\/en\/wp-json\/wp\/v2\/users\/1"}],"replies":[{"embeddable":true,"href":"https:\/\/www.satisotomasyon.com\/en\/wp-json\/wp\/v2\/comments?post=4726"}],"version-history":[{"count":7,"href":"https:\/\/www.satisotomasyon.com\/en\/wp-json\/wp\/v2\/pages\/4726\/revisions"}],"predecessor-version":[{"id":5584,"href":"https:\/\/www.satisotomasyon.com\/en\/wp-json\/wp\/v2\/pages\/4726\/revisions\/5584"}],"wp:featuredmedia":[{"embeddable":true,"href":"https:\/\/www.satisotomasyon.com\/en\/wp-json\/wp\/v2\/media\/5559"}],"wp:attachment":[{"href":"https:\/\/www.satisotomasyon.com\/en\/wp-json\/wp\/v2\/media?parent=4726"}],"curies":[{"name":"wp","href":"https:\/\/api.w.org\/{rel}","templated":true}]}}