{"id":4681,"date":"2012-06-09T17:54:24","date_gmt":"2012-06-09T17:54:24","guid":{"rendered":"http:\/\/demo.wpzoom.com\/convention\/?page_id=6"},"modified":"2020-03-27T19:55:12","modified_gmt":"2020-03-27T16:55:12","slug":"s-leader-is-zekasi-ve-raporlama-cozumleri","status":"publish","type":"page","link":"https:\/\/www.satisotomasyon.com\/en\/s-leader-yeni-nesil-satis-otomasyonu\/s-leader-is-zekasi-ve-raporlama-cozumleri\/","title":{"rendered":"S-Leader \u0130\u015f Zekas\u0131 ve Raporlama \u00c7\u00f6z\u00fcmleri"},"content":{"rendered":"<p>S-Leader \u0130\u015f zekas\u0131 ve raporlama \u00e7\u00f6z\u00fcmleri hakk\u0131nda bilgileri k\u0131saca a\u015fa\u011f\u0131da g\u00f6r\u00fcnt\u00fcleyebilirsiniz.<\/p>\n\n\n\n<h2 class=\"wp-block-heading\">\u0130\u015f Zekas\u0131 Nedir ?<\/h2>\n\n\n\n<p class=\"has-medium-font-size\">\u0130\u015f Zekas\u0131 ; ham verinin kaynaktan al\u0131n\u0131p i\u015flenebilir ve analize uygun hale getirilip yararl\u0131 bilgiye d\u00f6n\u00fc\u015ft\u00fcr\u00fclmesi i\u015flemidir.<br><\/p>\n\n\n\n<div class=\"wp-block-image\"><figure class=\"aligncenter size-large is-resized\"><img loading=\"lazy\" decoding=\"async\" src=\"http:\/\/www.satisotomasyon.com\/wp-content\/uploads\/2020\/03\/is-zekas-raporu-1024x607.jpg\" alt=\"\" class=\"wp-image-5442\" width=\"610\" height=\"362\" srcset=\"https:\/\/www.satisotomasyon.com\/wp-content\/uploads\/2020\/03\/is-zekas-raporu-1024x607.jpg 1024w, https:\/\/www.satisotomasyon.com\/wp-content\/uploads\/2020\/03\/is-zekas-raporu-300x178.jpg 300w, https:\/\/www.satisotomasyon.com\/wp-content\/uploads\/2020\/03\/is-zekas-raporu-768x455.jpg 768w, https:\/\/www.satisotomasyon.com\/wp-content\/uploads\/2020\/03\/is-zekas-raporu.jpg 1185w\" sizes=\"auto, (max-width: 610px) 100vw, 610px\" \/><figcaption>\u0130\u015f Zekas\u0131 Raporlama \u00d6rne\u011fidir.<\/figcaption><\/figure><\/div>\n\n\n\n<p class=\"has-medium-font-size\">Bug\u00fcn g\u00fcn\u00fcm\u00fczde i\u015f d\u00fcnyas\u0131nda s\u0131k\u00e7a duyulan i\u015f zekas\u0131, analiz edilebilirli\u011fi a\u00e7\u0131s\u0131ndan en \u00e7ok Raporlama i\u015flemlerimizi detayland\u0131rmaktad\u0131r.<\/p>\n\n\n\n<p>\u0130\u015f zekas\u0131 bug\u00fcnlerde hemen hemen t\u00fcm alanlarda \u00e7ok fazla ra\u011fbet g\u00f6r\u00fcrken baz\u0131 alanlarda ise olmazsa olmaz\u0131 durumundad\u0131r.<br>\u0130\u015fte i\u015f zekas\u0131n\u0131n olmazsa olmaz\u0131 olan alanlar a\u015fa\u011f\u0131daki gibidir.<\/p>\n\n\n\n<figure class=\"wp-block-table alignwide is-style-stripes\"><table class=\"\"><tbody><tr><td class=\"has-text-align-center\" data-align=\"center\">  Telekom\u00fcnikasyon<\/td><td><\/td><\/tr><tr><td class=\"has-text-align-center\" data-align=\"center\">  Bankac\u0131l\u0131k ve Finans <\/td><td><\/td><\/tr><tr><td class=\"has-text-align-center\" data-align=\"center\">  Sigortac\u0131l\u0131k<\/td><td><\/td><\/tr><tr><td class=\"has-text-align-center\" data-align=\"center\">  Perakende <\/td><td><\/td><\/tr><tr><td class=\"has-text-align-center\" data-align=\"center\">  Sa\u011fl\u0131k <\/td><td><\/td><\/tr><tr><td class=\"has-text-align-center\" data-align=\"center\"> Ta\u015f\u0131mac\u0131l\u0131k <\/td><td><\/td><\/tr><tr><td class=\"has-text-align-center\" data-align=\"center\">  Seyahat <\/td><td><\/td><\/tr><tr><td class=\"has-text-align-center\" data-align=\"center\"> \u00dcretim <\/td><td><\/td><\/tr><\/tbody><\/table><\/figure>\n\n\n\n<h3 class=\"wp-block-heading\">Raporlama Nedir ?<\/h3>\n\n\n\n<figure class=\"wp-block-image size-large is-style-default\"><img loading=\"lazy\" decoding=\"async\" width=\"1024\" height=\"552\" src=\"http:\/\/www.satisotomasyon.com\/wp-content\/uploads\/2020\/03\/S-leader.\u00f6rnek.rapor_-1024x552.jpg\" alt=\"S-Leader Raporlama \u00d6rne\u011fidir.\" class=\"wp-image-5443\" srcset=\"https:\/\/www.satisotomasyon.com\/wp-content\/uploads\/2020\/03\/S-leader.\u00f6rnek.rapor_-1024x552.jpg 1024w, https:\/\/www.satisotomasyon.com\/wp-content\/uploads\/2020\/03\/S-leader.\u00f6rnek.rapor_-300x162.jpg 300w, https:\/\/www.satisotomasyon.com\/wp-content\/uploads\/2020\/03\/S-leader.\u00f6rnek.rapor_-768x414.jpg 768w, https:\/\/www.satisotomasyon.com\/wp-content\/uploads\/2020\/03\/S-leader.\u00f6rnek.rapor_-1536x828.jpg 1536w, https:\/\/www.satisotomasyon.com\/wp-content\/uploads\/2020\/03\/S-leader.\u00f6rnek.rapor_.jpg 1600w\" sizes=\"auto, (max-width: 1024px) 100vw, 1024px\" \/><figcaption><a href=\"https:\/\/www.satisotomasyon.com\/en\/s-leader\/\">S-Leader<\/a> Raporlama \u00d6rne\u011fidir.<\/figcaption><\/figure>\n\n\n\n<p class=\"has-medium-font-size\">Herhangi bir konu ya da sorun \u00fczerine yap\u0131lan inceleme ile ilgili durumu ve sonucu belirtmek \u00fczere yaz\u0131lan analizler b\u00fct\u00fcn\u00fcd\u00fcr.<\/p>\n\n\n\n<p class=\"has-medium-font-size\">Rapor haz\u0131rlamadan \u00f6nce sorunlar derinlemesine incelenmeli, konu ile ilgili t\u00fcm kaynaklardan yararlan\u0131lmal\u0131 ve konu mant\u0131kl\u0131 bir \u015fekilde s\u0131ralan\u0131r yani pl\u00e2nlama yap\u0131l\u0131r. Raporu yazmadan \u00f6nce konuyu iyice kavramam\u0131z gerekmektedir; \u00e7\u00fcnk\u00fc ki\u015fi konuyu derinlemesine kavrayamam\u0131\u015fsa, o konuda sonuca ula\u015fabilmek i\u00e7in mant\u0131kl\u0131 d\u00fc\u015f\u00fcnemez.<\/p>\n\n\n\n<div class=\"wp-block-image\"><figure class=\"aligncenter size-medium\"><img loading=\"lazy\" decoding=\"async\" width=\"300\" height=\"156\" src=\"http:\/\/www.satisotomasyon.com\/wp-content\/uploads\/2020\/03\/shutterstock_1104498083-300x156.jpg\" alt=\"\" class=\"wp-image-5444\" srcset=\"https:\/\/www.satisotomasyon.com\/wp-content\/uploads\/2020\/03\/shutterstock_1104498083-300x156.jpg 300w, https:\/\/www.satisotomasyon.com\/wp-content\/uploads\/2020\/03\/shutterstock_1104498083-768x400.jpg 768w, https:\/\/www.satisotomasyon.com\/wp-content\/uploads\/2020\/03\/shutterstock_1104498083.jpg 1000w\" sizes=\"auto, (max-width: 300px) 100vw, 300px\" \/><\/figure><\/div>\n\n\n\n<p class=\"has-medium-font-size\"> G\u00fcn\u00fcm\u00fczde \u015firketler i\u015flerini geli\u015ftirip devaml\u0131l\u0131\u011f\u0131n\u0131 s\u00fcrd\u00fcrebiliyorsa bunun tek sebebi do\u011fru raporlama \u00e7\u00f6z\u00fcmleridir.<br>\u00c7\u00fcnk\u00fc ak\u0131ll\u0131 bir raporlama sistemine sahip olan bir \u015firketin yapt\u0131\u011f\u0131 i\u015fler,kazan\u00e7 durumlar\u0131, m\u00fc\u015fterileri ve gelecekte ki yat\u0131r\u0131mlar\u0131na karar verebilmelerine olanak sa\u011flayan tek \u015fey <a href=\"http:\/\/www.capteknoloji.com.tr\/index.php\/urunlerimiz\/is-zekasi-cozumleri\/mssqlrs\">i\u015f zekas\u0131 raporlama<\/a> \u00e7\u00f6z\u00fcm\u00fcd\u00fcr.<\/p>\n\n\n\n<p class=\"has-medium-font-size\">S-Leader \u0130\u015f zekas\u0131 ve raporlama \u00e7\u00f6z\u00fcmleri de\u011ferli i\u015f ortaklar\u0131na her zaman do\u011fru bilgi ve geli\u015ftirilebilir i\u015f yap\u0131s\u0131 tecr\u00fcbesi ile s\u00fcrekli art\u0131 de\u011fer katmaktad\u0131r.<br>Sizde S-Leader \u0130\u015f zekas\u0131 ve raporlama \u00e7\u00f6z\u00fcmlerinden yararlanmak istiyorsan\u0131z l\u00fctfen <strong><em><a href=\"https:\/\/www.satisotomasyon.com\/en\/s-leader-iletisim\/\">buraya<\/a><\/em><\/strong> t\u0131klayarak bize ula\u015f\u0131n ve bir \u00fccretsiz bir demo talebinde bulunun.<\/p>","protected":false},"excerpt":{"rendered":"<p>S-Leader \u0130\u015f zekas\u0131 ve raporlama \u00e7\u00f6z\u00fcmleri hakk\u0131nda bilgileri k\u0131saca a\u015fa\u011f\u0131da g\u00f6r\u00fcnt\u00fcleyebilirsiniz. \u0130\u015f Zekas\u0131 Nedir ? \u0130\u015f Zekas\u0131 ; ham verinin kaynaktan al\u0131n\u0131p i\u015flenebilir ve analize uygun hale getirilip yararl\u0131 bilgiye d\u00f6n\u00fc\u015ft\u00fcr\u00fclmesi i\u015flemidir. Bug\u00fcn g\u00fcn\u00fcm\u00fczde i\u015f d\u00fcnyas\u0131nda s\u0131k\u00e7a duyulan i\u015f zekas\u0131, analiz edilebilirli\u011fi a\u00e7\u0131s\u0131ndan en \u00e7ok Raporlama i\u015flemlerimizi detayland\u0131rmaktad\u0131r. \u0130\u015f zekas\u0131 bug\u00fcnlerde hemen hemen t\u00fcm alanlarda [&hellip;]<\/p>","protected":false},"author":1,"featured_media":5428,"parent":5209,"menu_order":0,"comment_status":"open","ping_status":"open","template":"","meta":{"_seopress_robots_primary_cat":"","_seopress_titles_title":"S-Leader \u0130\u015f zekas\u0131 ve raporlama \u00e7\u00f6z\u00fcmleri-sat\u0131\u015f-otomasyon-raporlama","_seopress_titles_desc":"S-Leader \u0130\u015f zekas\u0131 ve raporlama \u00e7\u00f6z\u00fcmleri. \u0130\u015f hayat\u0131nda raporlaman\u0131n \u00f6nemi ve i\u015f zekas\u0131n\u0131n sat\u0131\u015f otomasyonuna katk\u0131lar\u0131 nelerdir. Sat\u0131\u015f otomasyon raporlama.","_seopress_robots_index":"","content-type":"","footnotes":""},"class_list":["post-4681","page","type-page","status-publish","has-post-thumbnail","hentry"],"jetpack_sharing_enabled":true,"_links":{"self":[{"href":"https:\/\/www.satisotomasyon.com\/en\/wp-json\/wp\/v2\/pages\/4681","targetHints":{"allow":["GET"]}}],"collection":[{"href":"https:\/\/www.satisotomasyon.com\/en\/wp-json\/wp\/v2\/pages"}],"about":[{"href":"https:\/\/www.satisotomasyon.com\/en\/wp-json\/wp\/v2\/types\/page"}],"author":[{"embeddable":true,"href":"https:\/\/www.satisotomasyon.com\/en\/wp-json\/wp\/v2\/users\/1"}],"replies":[{"embeddable":true,"href":"https:\/\/www.satisotomasyon.com\/en\/wp-json\/wp\/v2\/comments?post=4681"}],"version-history":[{"count":8,"href":"https:\/\/www.satisotomasyon.com\/en\/wp-json\/wp\/v2\/pages\/4681\/revisions"}],"predecessor-version":[{"id":5447,"href":"https:\/\/www.satisotomasyon.com\/en\/wp-json\/wp\/v2\/pages\/4681\/revisions\/5447"}],"up":[{"embeddable":true,"href":"https:\/\/www.satisotomasyon.com\/en\/wp-json\/wp\/v2\/pages\/5209"}],"wp:featuredmedia":[{"embeddable":true,"href":"https:\/\/www.satisotomasyon.com\/en\/wp-json\/wp\/v2\/media\/5428"}],"wp:attachment":[{"href":"https:\/\/www.satisotomasyon.com\/en\/wp-json\/wp\/v2\/media?parent=4681"}],"curies":[{"name":"wp","href":"https:\/\/api.w.org\/{rel}","templated":true}]}}