{"id":2,"date":"2020-02-19T16:55:47","date_gmt":"2020-02-19T13:55:47","guid":{"rendered":"http:\/\/satisotomasyon.com\/?page_id=2"},"modified":"2020-04-25T08:35:36","modified_gmt":"2020-04-25T05:35:36","slug":"biz-kimiz","status":"publish","type":"page","link":"https:\/\/www.satisotomasyon.com\/en\/biz-kimiz\/","title":{"rendered":"WHO ARE WE ?"},"content":{"rendered":"<div class=\"wp-block-image\"><figure class=\"aligncenter size-large\"><a href=\"http:\/\/www.capteknoloji.com\"><img loading=\"lazy\" decoding=\"async\" width=\"386\" height=\"80\" src=\"http:\/\/www.satisotomasyon.com\/wp-content\/uploads\/2020\/02\/cap_logo_1.png\" alt=\"B\u0130Z K\u0130M\u0130Z ?\" class=\"wp-image-14\" srcset=\"https:\/\/www.satisotomasyon.com\/wp-content\/uploads\/2020\/02\/cap_logo_1.png 386w, https:\/\/www.satisotomasyon.com\/wp-content\/uploads\/2020\/02\/cap_logo_1-300x62.png 300w\" sizes=\"auto, (max-width: 386px) 100vw, 386px\" \/><\/a><\/figure><\/div>\n\n\n\n<p>Who are we ?<br>\u00c7AP Teknoloji Dan\u0131\u015fmanl\u0131k has always taken an active role in the field of information technologies since its establishment. <br>And it has provided innovation with the innovations we have brought to the world of technology.<\/p>\n\n\n\n<figure class=\"wp-block-image alignwide size-large\"><img loading=\"lazy\" decoding=\"async\" width=\"1024\" height=\"507\" src=\"http:\/\/www.satisotomasyon.com\/wp-content\/uploads\/2020\/03\/mofisonline-1024x507.png\" alt=\"B\u0130Z K\u0130M\u0130Z ?\" class=\"wp-image-88\" srcset=\"https:\/\/www.satisotomasyon.com\/wp-content\/uploads\/2020\/03\/mofisonline-1024x507.png 1024w, https:\/\/www.satisotomasyon.com\/wp-content\/uploads\/2020\/03\/mofisonline-300x148.png 300w, https:\/\/www.satisotomasyon.com\/wp-content\/uploads\/2020\/03\/mofisonline-768x380.png 768w, https:\/\/www.satisotomasyon.com\/wp-content\/uploads\/2020\/03\/mofisonline-1536x760.png 1536w, https:\/\/www.satisotomasyon.com\/wp-content\/uploads\/2020\/03\/mofisonline.png 1599w\" sizes=\"auto, (max-width: 1024px) 100vw, 1024px\" \/><\/figure>\n\n\n\n<blockquote class=\"wp-block-quote is-layout-flow wp-block-quote-is-layout-flow\"><p>The foundation was laid at the end of 2012 and has been used successfully for many years.&nbsp;<br>It put its field sales automation project into service with new technologies and under the name mOfis.Online at the end of 2016 as a cloud solution.<\/p><\/blockquote>\n\n\n\n<figure class=\"wp-block-image alignwide size-large\"><img loading=\"lazy\" decoding=\"async\" width=\"1024\" height=\"561\" src=\"http:\/\/www.satisotomasyon.com\/wp-content\/uploads\/2020\/03\/son1-1-1024x561.png\" alt=\"B\u0130Z K\u0130M\u0130Z ?\" class=\"wp-image-72\" srcset=\"https:\/\/www.satisotomasyon.com\/wp-content\/uploads\/2020\/03\/son1-1-1024x561.png 1024w, https:\/\/www.satisotomasyon.com\/wp-content\/uploads\/2020\/03\/son1-1-300x164.png 300w, https:\/\/www.satisotomasyon.com\/wp-content\/uploads\/2020\/03\/son1-1-768x420.png 768w, https:\/\/www.satisotomasyon.com\/wp-content\/uploads\/2020\/03\/son1-1.png 1096w\" sizes=\"auto, (max-width: 1024px) 100vw, 1024px\" \/><\/figure>\n\n\n\n<p class=\"has-text-align-left\">Then, our Mobile field sales automation project, which we started to work on in 2018. <br><strong><a rel=\"noreferrer noopener\" aria-label=\"S-LEADER (yeni sekmede a\u00e7\u0131l\u0131r)\" href=\"https:\/\/www.satisotomasyon.com\/en\/s-leader\/\" target=\"_blank\">S-LEADER<\/a><\/strong>in the same year and thanks to 100% customer satisfaction, our company expanded abroad.<\/p>\n\n\n\n<h4 class=\"wp-block-heading\"> Who are we ? <\/h4>\n\n\n\n<div class=\"wp-block-image\"><figure class=\"alignright size-large is-resized\"><img loading=\"lazy\" decoding=\"async\" src=\"http:\/\/www.satisotomasyon.com\/wp-content\/uploads\/2020\/03\/SLeaderLogo.jpeg\" alt=\"B\u0130Z K\u0130M\u0130Z ?\" class=\"wp-image-71\" width=\"307\" height=\"307\" srcset=\"https:\/\/www.satisotomasyon.com\/wp-content\/uploads\/2020\/03\/SLeaderLogo.jpeg 400w, https:\/\/www.satisotomasyon.com\/wp-content\/uploads\/2020\/03\/SLeaderLogo-300x300.jpeg 300w, https:\/\/www.satisotomasyon.com\/wp-content\/uploads\/2020\/03\/SLeaderLogo-150x150.jpeg 150w\" sizes=\"auto, (max-width: 307px) 100vw, 307px\" \/><\/figure><\/div>\n\n\n\n<p>Our automation program, which has achieved success in the country and abroad.<br>Also as a mobile application <strong>&#8220;Google Play&#8221;<\/strong> ve <strong>&#8220;App Store&#8221;<\/strong> took its place in digital markets. <\/p>\n\n\n\n<h4 class=\"wp-block-heading\"><strong>TRY S-LEADER FOR CLOUD EASE.<\/strong><\/h4>\n\n\n\n<p>\u0130\u015flerinize tamamen hakim olabilmek i\u00e7in, teknolojiden\nyararlanman\u0131z gerekmektedir.<\/p>\n\n\n\n<p>Exactly at this point, we create solution sets with our sales automations, which always offer innovative and improving solutions and ensure business ease and flow.<\/p>\n\n\n\n<h4 class=\"wp-block-heading\">WHO ARE WE ? OUR PRODUCTS<\/h4>\n\n\n\n<ul class=\"wp-block-list\"><li><a href=\"https:\/\/www.satisotomasyon.com\/en\/s-leader\/\">S-LEADER FIELD SALES AUTOMATION<\/a><br> <strong>S-Leader<\/strong>&nbsp;; It is a new generation field sales automation program with a web-based management panel and a native mobile application. <\/li><li><a href=\"http:\/\/www.capteknoloji.com.tr\/index.php\/urunlerimiz\/logo-cozumleri\/tedarik-zinciri-cozumleri\/depo-otomasyonu\">MOFISONLINE WAREHOUSE AUTOMATION<\/a><br>MofisOnline; It is a system that we can offer to your sales team in order to systematize the sales processes of your products. It can work independently as well as integrated with Logo and Mikro products.<\/li><\/ul>\n\n\n\n<ul class=\"wp-block-list\"><li><a href=\"http:\/\/www.capteknoloji.com.tr\/index.php\/urunlerimiz\/is-zekasi-cozumleri\/mssqlrs\">\u00c7AP B2B DEALER SYSTEM<\/a><br>Your dealers can log in to the system with their user accounts and see product stock, price and images; They can place an order, pay using a credit card with virtual pos, and track the order status.<\/li><\/ul>\n\n\n\n<ul class=\"wp-block-list\"><li>Warehouse Automation<\/li><li>Wide Range of Modules<\/li><li>Next Generation Technologies<\/li><li>Hand Terminals<\/li><li>Adaptable Flexible Platform<\/li><\/ul>","protected":false},"excerpt":{"rendered":"<p>Biz Kimiz ?\u00c7AP Teknoloji Dan\u0131\u015fmanl\u0131k, olarak kuruldu\u011fu g\u00fcnden bu zamana dek bilgi teknolojileri alan\u0131nda her zaman aktif bir rol alm\u0131\u015f. Ve teknoloji d\u00fcnyas\u0131na kazand\u0131rd\u0131\u011f\u0131m\u0131z yenilikler ile inovasyonu sa\u011flam\u0131\u015ft\u0131r. Temeli 2012 y\u0131l\u0131 sonunda at\u0131lan ve uzun y\u0131llardan beri ba\u015far\u0131yla&nbsp;kullan\u0131lmakta olan.&nbsp;Saha sat\u0131\u015f otomasyon projesini&nbsp;yeni teknolojilerle ve mOfis.Online&nbsp;ad\u0131yla&nbsp;2016 y\u0131l\u0131n\u0131n sonunda bulut \u00e7\u00f6z\u00fcm\u00fc olarak hizmete sunmu\u015ftur. Ard\u0131ndan 2018 y\u0131l\u0131nda [&hellip;]<\/p>","protected":false},"author":1,"featured_media":0,"parent":0,"menu_order":0,"comment_status":"closed","ping_status":"open","template":"","meta":{"_seopress_robots_primary_cat":"","_seopress_titles_title":"B\u0130Z K\u0130M\u0130Z ? - S-leader-mobil-saha-sat\u0131\u015f-otomasyon-sistemleri-BizKimiz","_seopress_titles_desc":"B\u0130Z K\u0130M\u0130Z ?- S-Leader yeni nesil mobil saha sat\u0131\u015f otomasyon sistemleri hakk\u0131nda B\u0130Z K\u0130M\u0130Z bilgileri.|S-Leader bir \u00c7ap Teknoloji \u00fcr\u00fcn\u00fcd\u00fcr.- Biz Kimiz ?","_seopress_robots_index":"","content-type":"","footnotes":""},"class_list":["post-2","page","type-page","status-publish","hentry"],"jetpack_sharing_enabled":true,"_links":{"self":[{"href":"https:\/\/www.satisotomasyon.com\/en\/wp-json\/wp\/v2\/pages\/2","targetHints":{"allow":["GET"]}}],"collection":[{"href":"https:\/\/www.satisotomasyon.com\/en\/wp-json\/wp\/v2\/pages"}],"about":[{"href":"https:\/\/www.satisotomasyon.com\/en\/wp-json\/wp\/v2\/types\/page"}],"author":[{"embeddable":true,"href":"https:\/\/www.satisotomasyon.com\/en\/wp-json\/wp\/v2\/users\/1"}],"replies":[{"embeddable":true,"href":"https:\/\/www.satisotomasyon.com\/en\/wp-json\/wp\/v2\/comments?post=2"}],"version-history":[{"count":17,"href":"https:\/\/www.satisotomasyon.com\/en\/wp-json\/wp\/v2\/pages\/2\/revisions"}],"predecessor-version":[{"id":5484,"href":"https:\/\/www.satisotomasyon.com\/en\/wp-json\/wp\/v2\/pages\/2\/revisions\/5484"}],"wp:attachment":[{"href":"https:\/\/www.satisotomasyon.com\/en\/wp-json\/wp\/v2\/media?parent=2"}],"curies":[{"name":"wp","href":"https:\/\/api.w.org\/{rel}","templated":true}]}}