{"id":18,"date":"2020-02-20T11:44:07","date_gmt":"2020-02-20T08:44:07","guid":{"rendered":"http:\/\/www.satisotomasyon.com\/?page_id=18"},"modified":"2022-02-08T11:36:46","modified_gmt":"2022-02-08T08:36:46","slug":"s-leader","status":"publish","type":"page","link":"https:\/\/www.satisotomasyon.com\/en\/s-leader\/","title":{"rendered":"S-LEADER"},"content":{"rendered":"<p>By our company S-Leader <a href=\"http:\/\/marmarateknokent.tubitak.gov.tr\/\">T\u00fcbitak Marmara Teknokent Kulu\u00e7ka Merkezi<\/a>&#8216;nde geli\u015ftirilen\u00a0mobil sat\u0131\u015f otomasyonu,\u00a0<a href=\"https:\/\/www.satisotomasyon.com\/en\/2017\/03\/16\/logo-ve-mikro-erp-uyumlu-saha-satis-programi\/\">Logo ve <\/a><a href=\"https:\/\/www.satisotomasyon.com\/en\/logo-ve-mikro-erp-uyumlu-saha-satis-programi\/\" data-type=\"URL\" data-id=\"https:\/\/www.satisotomasyon.com\/logo-ve-mikro-erp-uyumlu-saha-satis-programi\/\">Mikro <\/a>ERP \u00e7\u00f6z\u00fcmleriyle entegre \u00e7al\u0131\u015fan,\u00a0m\u00fc\u015fteri talepleri ve sat\u0131\u015f operasyonlar\u0131n\u0131 en iyi \u015fekilde y\u00f6netebilmek i\u00e7in mobil ve internet teknolojileriyle entegre bir \u00e7\u00f6z\u00fcm k\u00fcmesi sunar.<\/p>\n\n\n\n<h3 class=\"wp-block-heading\">Effective Field Management with S-Leader<\/h3>\n\n\n\n<p>S-Leader ensures the execution of all processes such as sales pricing, campaigns and routes. With S-Leader, companies can manage their field teams, track them on the map, and send orders to customers faster by tracking the operations in the field both from the web-based BackOffice interface and from existing ERP solutions.<\/p>\n\n\n\n<figure class=\"wp-block-image size-full\"><img loading=\"lazy\" decoding=\"async\" width=\"2560\" height=\"853\" src=\"https:\/\/www.satisotomasyon.com\/wp-content\/uploads\/2021\/10\/1.webp\" alt=\"\" class=\"wp-image-5593\"\/><\/figure>\n\n\n\n<h3 class=\"wp-block-heading\">Fast and Effective Customer Service<\/h3>\n\n\n\n<p>Sales representatives can quickly enter orders, issue invoices and make collections while accessing instant stock and current account information alongside their customers.<\/p>\n\n\n\n<h3 class=\"wp-block-heading\">Customizable Reports<\/h3>\n\n\n\n<p>With the report design tool, companies can create reports tailored to their needs and instantly share them with their customers.<\/p>\n\n\n\n<figure class=\"wp-block-image size-full\"><img loading=\"lazy\" decoding=\"async\" width=\"2560\" height=\"853\" src=\"https:\/\/www.satisotomasyon.com\/wp-content\/uploads\/2021\/10\/2.webp\" alt=\"\" class=\"wp-image-5594\"\/><\/figure>\n\n\n\n<h3 class=\"wp-block-heading\">Special Invoice Design Opportunity<\/h3>\n\n\n\n<p>It enables invoice printing to be performed wirelessly with bluetooth printers. Whether narrow or wide, invoices can be easily printed with printer sets specially produced for vehicles.<\/p>\n\n\n\n<figure class=\"wp-block-image size-full\"><img loading=\"lazy\" decoding=\"async\" width=\"3240\" height=\"1080\" src=\"https:\/\/www.satisotomasyon.com\/wp-content\/uploads\/2021\/10\/3.webp\" alt=\"\" class=\"wp-image-5595\"\/><\/figure>\n\n\n\n<h3 class=\"wp-block-heading\">S-Leader Mobile Compatible Barcode Scanners<\/h3>\n\n\n\n<p>Order and invoice transactions can be performed by scanning barcodes with handheld terminals with barcode reader. Barcode reading function is supported by Android tablets and mobile phones<\/p>\n\n\n\n<ul class=\"wp-block-list\"><li><em>It is a system that we can offer to your sales team in order to systematize the sales processes of your products. It can work independently as well as integrated with Logo and Mikro products.<\/em><ul><li>Your field sales team can see the current status of the current accounts. It can see current past orders and sales, balance orders, debt receivable status, overdue and upcoming collections, unsold products, best selling products. <\/li><li>It can create routes and track daily routes. Route compliance can be reported by recording visit information (location, start and end date and time information).<\/li><li>It can receive collections by seeing current debt movements. If the collection receivable is a check or bill, it instantly calculates the average maturity and amount of the invoices with the average maturity and amount of the check and promissory note, and shows the difference between days and amounts immediately and ensures that the correct check and promissory notes are received.<\/li><li>Can easily access reports. Turnover can see the scope, collection targets and how much percent of the targets have been completed with both graphical and numerical reports.<\/li><li>With the announcement system, announcements can be sent to the field team instantly.<\/li><li>With the push notification system, urgent notifications can be transmitted as system notification on mobile devices even when the program is not in use.<\/li><li>With the online chat system, team members can have written conversations among themselves. Correspondence is logged and can be monitored by administrators via BackOffice.<\/li><li>With video chat, team members can video chat among themselves.<\/li><li>With the virtual assistant, the sales team is informed on issues such as daily work and meeting targets, and it is made easier for them to reach the target with motivation-enhancing messages.<\/li><li>With dynamic route optimization, visits to the current points on the route are calculated to help create the route by calculating the most optimum distance and time plan.<\/li><li>Motivation is increased by grading the field team with the badge earning function. The instinct to win and the need to be appreciated is systematized and fair evaluation is ensured.<\/li><li>The leaders are published by making periodic ratings with the leaders board. Leaders are rewarded. In this way, by increasing the motivation within the team, sales, scope, collection, etc. increase the achievement of targets.<\/li><\/ul><\/li><\/ul>","protected":false},"excerpt":{"rendered":"<p>S-Leader firmam\u0131z taraf\u0131ndan T\u00fcbitak Marmara Teknokent Kulu\u00e7ka Merkezi&#8216;nde geli\u015ftirilen\u00a0mobil sat\u0131\u015f otomasyonu,\u00a0Logo ve Mikro ERP \u00e7\u00f6z\u00fcmleriyle entegre \u00e7al\u0131\u015fan,\u00a0m\u00fc\u015fteri talepleri ve sat\u0131\u015f operasyonlar\u0131n\u0131 en iyi \u015fekilde y\u00f6netebilmek i\u00e7in mobil ve internet teknolojileriyle entegre bir \u00e7\u00f6z\u00fcm k\u00fcmesi sunar. S-Leader ile Etkin Saha Y\u00f6netimi S-Leader, sat\u0131\u015f fiyatland\u0131rmalar\u0131, kampanyalar ve rotalar gibi t\u00fcm s\u00fcre\u00e7lerin y\u00fcr\u00fct\u00fclmesini sa\u011flar. S-Leader&nbsp;ile \u015firketler saha ekiplerini [&hellip;]<\/p>","protected":false},"author":1,"featured_media":0,"parent":0,"menu_order":0,"comment_status":"closed","ping_status":"closed","template":"","meta":{"_seopress_robots_primary_cat":"","_seopress_titles_title":"S-LEADER-S-leader-mobil-saha-sat\u0131\u015f-otomasyonu","_seopress_titles_desc":"S-LEADER - S-Leader yeni nesil mobil saha sat\u0131\u015f otomasyonu Logo ve Mikro ile entegre \u00e7al\u0131\u015fan-Yeni nesil saha sat\u0131\u015f otomasyon sistemidir.","_seopress_robots_index":"","content-type":"","footnotes":""},"class_list":["post-18","page","type-page","status-publish","hentry"],"jetpack_sharing_enabled":true,"_links":{"self":[{"href":"https:\/\/www.satisotomasyon.com\/en\/wp-json\/wp\/v2\/pages\/18","targetHints":{"allow":["GET"]}}],"collection":[{"href":"https:\/\/www.satisotomasyon.com\/en\/wp-json\/wp\/v2\/pages"}],"about":[{"href":"https:\/\/www.satisotomasyon.com\/en\/wp-json\/wp\/v2\/types\/page"}],"author":[{"embeddable":true,"href":"https:\/\/www.satisotomasyon.com\/en\/wp-json\/wp\/v2\/users\/1"}],"replies":[{"embeddable":true,"href":"https:\/\/www.satisotomasyon.com\/en\/wp-json\/wp\/v2\/comments?post=18"}],"version-history":[{"count":14,"href":"https:\/\/www.satisotomasyon.com\/en\/wp-json\/wp\/v2\/pages\/18\/revisions"}],"predecessor-version":[{"id":5623,"href":"https:\/\/www.satisotomasyon.com\/en\/wp-json\/wp\/v2\/pages\/18\/revisions\/5623"}],"wp:attachment":[{"href":"https:\/\/www.satisotomasyon.com\/en\/wp-json\/wp\/v2\/media?parent=18"}],"curies":[{"name":"wp","href":"https:\/\/api.w.org\/{rel}","templated":true}]}}